{"id":1743,"date":"2022-04-04T13:06:52","date_gmt":"2022-04-04T11:06:52","guid":{"rendered":"https:\/\/naturarte.eu?page_id=1743"},"modified":"2025-01-13T19:10:15","modified_gmt":"2025-01-13T18:10:15","slug":"installation","status":"publish","type":"page","link":"https:\/\/naturarte.eu\/en\/installation\/","title":{"rendered":"Installation"},"content":{"rendered":"\t\t<div data-elementor-type=\"wp-page\" data-elementor-id=\"1743\" class=\"elementor elementor-1743 elementor-739\" data-elementor-post-type=\"page\">\n\t\t\t\t\t\t<section class=\"elementor-section elementor-top-section elementor-element elementor-element-33b163b4 elementor-section-boxed elementor-section-height-default elementor-section-height-default\" data-id=\"33b163b4\" data-element_type=\"section\" data-settings=\"{&quot;background_background&quot;:&quot;classic&quot;,&quot;jet_parallax_layout_list&quot;:[]}\">\n\t\t\t\t\t\t<div class=\"elementor-container elementor-column-gap-default\">\n\t\t\t\t\t<div class=\"elementor-column elementor-col-100 elementor-top-column elementor-element elementor-element-1423adac\" data-id=\"1423adac\" data-element_type=\"column\">\n\t\t\t<div class=\"elementor-widget-wrap elementor-element-populated\">\n\t\t\t\t\t\t<div class=\"elementor-element elementor-element-1207a4fd elementor-widget elementor-widget-text-editor\" data-id=\"1207a4fd\" data-element_type=\"widget\" data-widget_type=\"text-editor.default\">\n\t\t\t\t<div class=\"elementor-widget-container\">\n\t\t\t\t\t\t\t\t\t<p><span style=\"color: #ffffff;\">Contamos con un<strong> equipo propio de instaladores especializados.<\/strong><\/span><br \/><span style=\"color: #ffffff;\">Durante la instalaci\u00f3n de <strong>tarimas exteriores<\/strong> nos aseguramos de que el correcto drenaje del suelo, mediante sumideros y pendientes m\u00ednimas, impida el deterioro de la madera.<\/span><br \/><span style=\"color: #ffffff;\">En la instalaci\u00f3n de <strong>tarima de interior<\/strong> aplicamos endurecedor de solera, retiramos suelo antiguo, rebajamos puertas, instalamos rodapi\u00e9 laminado, movemos muebles&#8230;<\/span><br \/><span style=\"color: #ffffff;\">Altamente especializados en la instalaci\u00f3n de <strong>suelo radiante,<\/strong> le asesoramos a la hora de elegir el sistema de calefacci\u00f3n radiante m\u00e1s conveniente (h\u00famedo o seco) as\u00ed como la madera m\u00e1s apropiada.<\/span><br \/><span style=\"color: #ffffff;\">En cuanto a <strong>la tarima flotante, <\/strong>su instalaci\u00f3n es r\u00e1pida y limpia con un sistema de anclaje tipo <em>clic<\/em> y un acabado visual igual que la tarima de madera maciza. Las dimensiones son de hasta 3,66 m de largo, 30 cm de ancho y un grosor de la primera capa de madera noble de hasta 6 mm pudiendo lijarse y barnizarse varias veces.<\/span><\/p>\t\t\t\t\t\t\t\t<\/div>\n\t\t\t\t<\/div>\n\t\t\t\t\t<\/div>\n\t\t<\/div>\n\t\t\t\t\t<\/div>\n\t\t<\/section>\n\t\t\t\t<\/div>\n\t\t","protected":false},"excerpt":{"rendered":"<p>Contamos con un equipo propio de instaladores especializados. Durante la instalaci\u00f3n de tarimas exteriores nos aseguramos de que el correcto drenaje del suelo, mediante sumideros y pendientes m\u00ednimas, impida el deterioro de la madera. En la instalaci\u00f3n de tarima de interior aplicamos endurecedor de solera, retiramos suelo antiguo, rebajamos puertas, instalamos rodapi\u00e9 laminado, movemos muebles&#8230; [&hellip;]<\/p>\n","protected":false},"author":219129019,"featured_media":3241,"parent":0,"menu_order":0,"comment_status":"closed","ping_status":"closed","template":"","meta":{"_joinchat":[],"footnotes":""},"class_list":["post-1743","page","type-page","status-publish","has-post-thumbnail","hentry"],"yoast_head":"<!-- This site is optimized with the Yoast SEO plugin v27.0 - https:\/\/yoast.com\/product\/yoast-seo-wordpress\/ -->\n<title>Installation - Naturarte<\/title>\n<meta name=\"robots\" content=\"index, follow, max-snippet:-1, max-image-preview:large, max-video-preview:-1\" \/>\n<link rel=\"canonical\" href=\"https:\/\/naturarte.eu\/en\/installation\/\" \/>\n<meta property=\"og:locale\" content=\"en_US\" \/>\n<meta property=\"og:type\" content=\"article\" \/>\n<meta property=\"og:title\" content=\"Installation - Naturarte\" \/>\n<meta property=\"og:description\" content=\"Contamos con un equipo propio de instaladores especializados. Durante la instalaci\u00f3n de tarimas exteriores nos aseguramos de que el correcto drenaje del suelo, mediante sumideros y pendientes m\u00ednimas, impida el deterioro de la madera. En la instalaci\u00f3n de tarima de interior aplicamos endurecedor de solera, retiramos suelo antiguo, rebajamos puertas, instalamos rodapi\u00e9 laminado, movemos muebles&#8230; [&hellip;]\" \/>\n<meta property=\"og:url\" content=\"https:\/\/naturarte.eu\/en\/installation\/\" \/>\n<meta property=\"og:site_name\" content=\"Naturarte\" \/>\n<meta property=\"article:modified_time\" content=\"2025-01-13T18:10:15+00:00\" \/>\n<meta property=\"og:image\" content=\"https:\/\/naturarte.eu\/wp-content\/uploads\/2024\/10\/PV32_010-scaled.jpg\" \/>\n\t<meta property=\"og:image:width\" content=\"2510\" \/>\n\t<meta property=\"og:image:height\" content=\"2560\" \/>\n\t<meta property=\"og:image:type\" content=\"image\/jpeg\" \/>\n<meta name=\"twitter:card\" content=\"summary_large_image\" \/>\n<meta name=\"twitter:label1\" content=\"Est. reading time\" \/>\n\t<meta name=\"twitter:data1\" content=\"1 minute\" \/>\n<script type=\"application\/ld+json\" class=\"yoast-schema-graph\">{\"@context\":\"https:\/\/schema.org\",\"@graph\":[{\"@type\":\"WebPage\",\"@id\":\"https:\/\/naturarte.eu\/en\/installation\/\",\"url\":\"https:\/\/naturarte.eu\/en\/installation\/\",\"name\":\"Installation - Naturarte\",\"isPartOf\":{\"@id\":\"https:\/\/naturarte.eu\/#website\"},\"primaryImageOfPage\":{\"@id\":\"https:\/\/naturarte.eu\/en\/installation\/#primaryimage\"},\"image\":{\"@id\":\"https:\/\/naturarte.eu\/en\/installation\/#primaryimage\"},\"thumbnailUrl\":\"https:\/\/naturarte.eu\/wp-content\/uploads\/2024\/10\/PV32_010-scaled.jpg\",\"datePublished\":\"2022-04-04T11:06:52+00:00\",\"dateModified\":\"2025-01-13T18:10:15+00:00\",\"breadcrumb\":{\"@id\":\"https:\/\/naturarte.eu\/en\/installation\/#breadcrumb\"},\"inLanguage\":\"en-US\",\"potentialAction\":[{\"@type\":\"ReadAction\",\"target\":[\"https:\/\/naturarte.eu\/en\/installation\/\"]}]},{\"@type\":\"ImageObject\",\"inLanguage\":\"en-US\",\"@id\":\"https:\/\/naturarte.eu\/en\/installation\/#primaryimage\",\"url\":\"https:\/\/naturarte.eu\/wp-content\/uploads\/2024\/10\/PV32_010-scaled.jpg\",\"contentUrl\":\"https:\/\/naturarte.eu\/wp-content\/uploads\/2024\/10\/PV32_010-scaled.jpg\",\"width\":2510,\"height\":2560},{\"@type\":\"BreadcrumbList\",\"@id\":\"https:\/\/naturarte.eu\/en\/installation\/#breadcrumb\",\"itemListElement\":[{\"@type\":\"ListItem\",\"position\":1,\"name\":\"Portada\",\"item\":\"https:\/\/naturarte.eu\/en\/\"},{\"@type\":\"ListItem\",\"position\":2,\"name\":\"Installation\"}]},{\"@type\":\"WebSite\",\"@id\":\"https:\/\/naturarte.eu\/#website\",\"url\":\"https:\/\/naturarte.eu\/\",\"name\":\"Naturarte\",\"description\":\"DESCUBRA NUESTROS PROYECTOS A TRAV\u00c9S DE NUESTRAS REDES SOCIALES\",\"publisher\":{\"@id\":\"https:\/\/naturarte.eu\/#organization\"},\"potentialAction\":[{\"@type\":\"SearchAction\",\"target\":{\"@type\":\"EntryPoint\",\"urlTemplate\":\"https:\/\/naturarte.eu\/?s={search_term_string}\"},\"query-input\":{\"@type\":\"PropertyValueSpecification\",\"valueRequired\":true,\"valueName\":\"search_term_string\"}}],\"inLanguage\":\"en-US\"},{\"@type\":\"Organization\",\"@id\":\"https:\/\/naturarte.eu\/#organization\",\"name\":\"Naturarte\",\"url\":\"https:\/\/naturarte.eu\/\",\"logo\":{\"@type\":\"ImageObject\",\"inLanguage\":\"en-US\",\"@id\":\"https:\/\/naturarte.eu\/#\/schema\/logo\/image\/\",\"url\":\"https:\/\/naturarte.eu\/wp-content\/uploads\/2022\/03\/captura-de-pantalla-2022-03-28-a-las-10.40.38.png\",\"contentUrl\":\"https:\/\/naturarte.eu\/wp-content\/uploads\/2022\/03\/captura-de-pantalla-2022-03-28-a-las-10.40.38.png\",\"width\":155,\"height\":98,\"caption\":\"Naturarte\"},\"image\":{\"@id\":\"https:\/\/naturarte.eu\/#\/schema\/logo\/image\/\"}}]}<\/script>\n<!-- \/ Yoast SEO plugin. -->","yoast_head_json":{"title":"Installation - Naturarte","robots":{"index":"index","follow":"follow","max-snippet":"max-snippet:-1","max-image-preview":"max-image-preview:large","max-video-preview":"max-video-preview:-1"},"canonical":"https:\/\/naturarte.eu\/en\/installation\/","og_locale":"en_US","og_type":"article","og_title":"Installation - Naturarte","og_description":"Contamos con un equipo propio de instaladores especializados. Durante la instalaci\u00f3n de tarimas exteriores nos aseguramos de que el correcto drenaje del suelo, mediante sumideros y pendientes m\u00ednimas, impida el deterioro de la madera. En la instalaci\u00f3n de tarima de interior aplicamos endurecedor de solera, retiramos suelo antiguo, rebajamos puertas, instalamos rodapi\u00e9 laminado, movemos muebles&#8230; [&hellip;]","og_url":"https:\/\/naturarte.eu\/en\/installation\/","og_site_name":"Naturarte","article_modified_time":"2025-01-13T18:10:15+00:00","og_image":[{"width":2510,"height":2560,"url":"https:\/\/naturarte.eu\/wp-content\/uploads\/2024\/10\/PV32_010-scaled.jpg","type":"image\/jpeg"}],"twitter_card":"summary_large_image","twitter_misc":{"Est. reading time":"1 minute"},"schema":{"@context":"https:\/\/schema.org","@graph":[{"@type":"WebPage","@id":"https:\/\/naturarte.eu\/en\/installation\/","url":"https:\/\/naturarte.eu\/en\/installation\/","name":"Installation - Naturarte","isPartOf":{"@id":"https:\/\/naturarte.eu\/#website"},"primaryImageOfPage":{"@id":"https:\/\/naturarte.eu\/en\/installation\/#primaryimage"},"image":{"@id":"https:\/\/naturarte.eu\/en\/installation\/#primaryimage"},"thumbnailUrl":"https:\/\/naturarte.eu\/wp-content\/uploads\/2024\/10\/PV32_010-scaled.jpg","datePublished":"2022-04-04T11:06:52+00:00","dateModified":"2025-01-13T18:10:15+00:00","breadcrumb":{"@id":"https:\/\/naturarte.eu\/en\/installation\/#breadcrumb"},"inLanguage":"en-US","potentialAction":[{"@type":"ReadAction","target":["https:\/\/naturarte.eu\/en\/installation\/"]}]},{"@type":"ImageObject","inLanguage":"en-US","@id":"https:\/\/naturarte.eu\/en\/installation\/#primaryimage","url":"https:\/\/naturarte.eu\/wp-content\/uploads\/2024\/10\/PV32_010-scaled.jpg","contentUrl":"https:\/\/naturarte.eu\/wp-content\/uploads\/2024\/10\/PV32_010-scaled.jpg","width":2510,"height":2560},{"@type":"BreadcrumbList","@id":"https:\/\/naturarte.eu\/en\/installation\/#breadcrumb","itemListElement":[{"@type":"ListItem","position":1,"name":"Portada","item":"https:\/\/naturarte.eu\/en\/"},{"@type":"ListItem","position":2,"name":"Installation"}]},{"@type":"WebSite","@id":"https:\/\/naturarte.eu\/#website","url":"https:\/\/naturarte.eu\/","name":"Naturarte","description":"DESCUBRA NUESTROS PROYECTOS A TRAV\u00c9S DE NUESTRAS REDES SOCIALES","publisher":{"@id":"https:\/\/naturarte.eu\/#organization"},"potentialAction":[{"@type":"SearchAction","target":{"@type":"EntryPoint","urlTemplate":"https:\/\/naturarte.eu\/?s={search_term_string}"},"query-input":{"@type":"PropertyValueSpecification","valueRequired":true,"valueName":"search_term_string"}}],"inLanguage":"en-US"},{"@type":"Organization","@id":"https:\/\/naturarte.eu\/#organization","name":"Naturarte","url":"https:\/\/naturarte.eu\/","logo":{"@type":"ImageObject","inLanguage":"en-US","@id":"https:\/\/naturarte.eu\/#\/schema\/logo\/image\/","url":"https:\/\/naturarte.eu\/wp-content\/uploads\/2022\/03\/captura-de-pantalla-2022-03-28-a-las-10.40.38.png","contentUrl":"https:\/\/naturarte.eu\/wp-content\/uploads\/2022\/03\/captura-de-pantalla-2022-03-28-a-las-10.40.38.png","width":155,"height":98,"caption":"Naturarte"},"image":{"@id":"https:\/\/naturarte.eu\/#\/schema\/logo\/image\/"}}]}},"_links":{"self":[{"href":"https:\/\/naturarte.eu\/en\/wp-json\/wp\/v2\/pages\/1743","targetHints":{"allow":["GET"]}}],"collection":[{"href":"https:\/\/naturarte.eu\/en\/wp-json\/wp\/v2\/pages"}],"about":[{"href":"https:\/\/naturarte.eu\/en\/wp-json\/wp\/v2\/types\/page"}],"author":[{"embeddable":true,"href":"https:\/\/naturarte.eu\/en\/wp-json\/wp\/v2\/users\/219129019"}],"replies":[{"embeddable":true,"href":"https:\/\/naturarte.eu\/en\/wp-json\/wp\/v2\/comments?post=1743"}],"version-history":[{"count":9,"href":"https:\/\/naturarte.eu\/en\/wp-json\/wp\/v2\/pages\/1743\/revisions"}],"predecessor-version":[{"id":3929,"href":"https:\/\/naturarte.eu\/en\/wp-json\/wp\/v2\/pages\/1743\/revisions\/3929"}],"wp:featuredmedia":[{"embeddable":true,"href":"https:\/\/naturarte.eu\/en\/wp-json\/wp\/v2\/media\/3241"}],"wp:attachment":[{"href":"https:\/\/naturarte.eu\/en\/wp-json\/wp\/v2\/media?parent=1743"}],"curies":[{"name":"wp","href":"https:\/\/api.w.org\/{rel}","templated":true}]}}