{"id":2819,"date":"2023-05-05T19:40:40","date_gmt":"2023-05-05T17:40:40","guid":{"rendered":"https:\/\/naturarte.eu?post_type=product&#038;p=2819"},"modified":"2023-05-05T19:46:32","modified_gmt":"2023-05-05T17:46:32","slug":"kensington","status":"publish","type":"product","link":"https:\/\/naturarte.eu\/en\/product\/kensington\/","title":{"rendered":"Kensington"},"content":{"rendered":"<div class=\"woocommerce-tabs wc-tabs-wrapper\">\n<div id=\"tab-description\" class=\"woocommerce-Tabs-panel woocommerce-Tabs-panel--description panel entry-content wc-tab\" role=\"tabpanel\" aria-labelledby=\"tab-title-description\">\n<p>Sizes: 60 \u00d7 60 cm, 80 \u00d7 80 cm and 100 \u00d7 100 cm<\/p>\n<p>Types of wood: oak and walnut.<\/p>\n<p>Custom finishes:<\/p>\n<p>Tone (color): in oak floors you can choose the tone of finish.<br \/>\nGloss: both in oak and walnut floors, you can choose between an oil finish or a varnish finish (gloss, satin or matt).<br \/>\nMicrobevel: it can go only in the outer joints or also in all the inner joints.<\/p>\n<\/div>\n<\/div>\n","protected":false},"excerpt":{"rendered":"<div class=\"woocommerce-product-gallery woocommerce-product-gallery--with-images woocommerce-product-gallery--columns-4 images\" data-columns=\"4\"><\/div>\n<div class=\"summary entry-summary\">\n<div class=\"woocommerce-product-details__short-description\">\n<div class=\"woocommerce-product-details__short-description\">\n<p>Installation in Spain and international export. Contact us to get a personalized quote.<\/p>\n<p>Own stock.<\/p>\n<p><a href=\"https:\/\/naturarte.eulanguage\/en\/contact\/\">Personalized quotation<\/a><\/p>\n<\/div>\n<\/div>\n<\/div>\n","protected":false},"featured_media":4348,"comment_status":"closed","ping_status":"closed","template":"","meta":{"_joinchat":[]},"product_brand":[],"product_cat":[121999],"product_tag":[],"class_list":{"0":"post-2819","1":"product","2":"type-product","3":"status-publish","4":"has-post-thumbnail","6":"product_cat-versailles-marquetry","8":"first","9":"instock","10":"shipping-taxable","11":"product-type-simple"},"yoast_head":"<!-- This site is optimized with the Yoast SEO plugin v27.4 - https:\/\/yoast.com\/product\/yoast-seo-wordpress\/ -->\n<title>Kensington - Naturarte<\/title>\n<meta name=\"robots\" content=\"index, follow, max-snippet:-1, max-image-preview:large, max-video-preview:-1\" \/>\n<link rel=\"canonical\" href=\"https:\/\/naturarte.eu\/en\/product\/kensington\/\" \/>\n<meta property=\"og:locale\" content=\"en_US\" \/>\n<meta property=\"og:type\" content=\"article\" \/>\n<meta property=\"og:title\" content=\"Kensington - Naturarte\" \/>\n<meta property=\"og:description\" content=\"Installation in Spain and international export. Contact us to get a personalized quote.  Own stock.  Personalized quotation\" \/>\n<meta property=\"og:url\" content=\"https:\/\/naturarte.eu\/en\/product\/kensington\/\" \/>\n<meta property=\"og:site_name\" content=\"Naturarte\" \/>\n<meta property=\"article:modified_time\" content=\"2023-05-05T17:46:32+00:00\" \/>\n<meta property=\"og:image\" content=\"https:\/\/naturarte.eu\/wp-content\/uploads\/2023\/05\/Kensington.jpg\" \/>\n\t<meta property=\"og:image:width\" content=\"2000\" \/>\n\t<meta property=\"og:image:height\" content=\"1962\" \/>\n\t<meta property=\"og:image:type\" content=\"image\/jpeg\" \/>\n<meta name=\"twitter:card\" content=\"summary_large_image\" \/>\n<meta name=\"twitter:label1\" content=\"Est. reading time\" \/>\n\t<meta name=\"twitter:data1\" content=\"1 minute\" \/>\n<script type=\"application\/ld+json\" class=\"yoast-schema-graph\">{\"@context\":\"https:\\\/\\\/schema.org\",\"@graph\":[{\"@type\":\"WebPage\",\"@id\":\"https:\\\/\\\/naturarte.eu\\\/en\\\/product\\\/kensington\\\/\",\"url\":\"https:\\\/\\\/naturarte.eu\\\/en\\\/product\\\/kensington\\\/\",\"name\":\"Kensington - Naturarte\",\"isPartOf\":{\"@id\":\"https:\\\/\\\/naturarte.eu\\\/#website\"},\"primaryImageOfPage\":{\"@id\":\"https:\\\/\\\/naturarte.eu\\\/en\\\/product\\\/kensington\\\/#primaryimage\"},\"image\":{\"@id\":\"https:\\\/\\\/naturarte.eu\\\/en\\\/product\\\/kensington\\\/#primaryimage\"},\"thumbnailUrl\":\"https:\\\/\\\/naturarte.eu\\\/wp-content\\\/uploads\\\/2023\\\/05\\\/Kensington.jpg\",\"datePublished\":\"2023-05-05T17:40:40+00:00\",\"dateModified\":\"2023-05-05T17:46:32+00:00\",\"breadcrumb\":{\"@id\":\"https:\\\/\\\/naturarte.eu\\\/en\\\/product\\\/kensington\\\/#breadcrumb\"},\"inLanguage\":\"en-US\",\"potentialAction\":[{\"@type\":\"ReadAction\",\"target\":[\"https:\\\/\\\/naturarte.eu\\\/en\\\/product\\\/kensington\\\/\"]}]},{\"@type\":\"ImageObject\",\"inLanguage\":\"en-US\",\"@id\":\"https:\\\/\\\/naturarte.eu\\\/en\\\/product\\\/kensington\\\/#primaryimage\",\"url\":\"https:\\\/\\\/naturarte.eu\\\/wp-content\\\/uploads\\\/2023\\\/05\\\/Kensington.jpg\",\"contentUrl\":\"https:\\\/\\\/naturarte.eu\\\/wp-content\\\/uploads\\\/2023\\\/05\\\/Kensington.jpg\",\"width\":2000,\"height\":1962},{\"@type\":\"BreadcrumbList\",\"@id\":\"https:\\\/\\\/naturarte.eu\\\/en\\\/product\\\/kensington\\\/#breadcrumb\",\"itemListElement\":[{\"@type\":\"ListItem\",\"position\":1,\"name\":\"Portada\",\"item\":\"https:\\\/\\\/naturarte.eu\\\/en\\\/\"},{\"@type\":\"ListItem\",\"position\":2,\"name\":\"Products\",\"item\":\"https:\\\/\\\/naturarte.eu\\\/en\\\/shop\\\/\"},{\"@type\":\"ListItem\",\"position\":3,\"name\":\"Kensington\"}]},{\"@type\":\"WebSite\",\"@id\":\"https:\\\/\\\/naturarte.eu\\\/#website\",\"url\":\"https:\\\/\\\/naturarte.eu\\\/\",\"name\":\"Naturarte\",\"description\":\"DESCUBRA NUESTROS PROYECTOS A TRAV\u00c9S DE NUESTRAS REDES SOCIALES\",\"publisher\":{\"@id\":\"https:\\\/\\\/naturarte.eu\\\/#organization\"},\"potentialAction\":[{\"@type\":\"SearchAction\",\"target\":{\"@type\":\"EntryPoint\",\"urlTemplate\":\"https:\\\/\\\/naturarte.eu\\\/?s={search_term_string}\"},\"query-input\":{\"@type\":\"PropertyValueSpecification\",\"valueRequired\":true,\"valueName\":\"search_term_string\"}}],\"inLanguage\":\"en-US\"},{\"@type\":\"Organization\",\"@id\":\"https:\\\/\\\/naturarte.eu\\\/#organization\",\"name\":\"Naturarte\",\"url\":\"https:\\\/\\\/naturarte.eu\\\/\",\"logo\":{\"@type\":\"ImageObject\",\"inLanguage\":\"en-US\",\"@id\":\"https:\\\/\\\/naturarte.eu\\\/#\\\/schema\\\/logo\\\/image\\\/\",\"url\":\"https:\\\/\\\/naturarte.eu\\\/wp-content\\\/uploads\\\/2022\\\/03\\\/captura-de-pantalla-2022-03-28-a-las-10.40.38.png\",\"contentUrl\":\"https:\\\/\\\/naturarte.eu\\\/wp-content\\\/uploads\\\/2022\\\/03\\\/captura-de-pantalla-2022-03-28-a-las-10.40.38.png\",\"width\":155,\"height\":98,\"caption\":\"Naturarte\"},\"image\":{\"@id\":\"https:\\\/\\\/naturarte.eu\\\/#\\\/schema\\\/logo\\\/image\\\/\"}}]}<\/script>\n<!-- \/ Yoast SEO plugin. -->","yoast_head_json":{"title":"Kensington - Naturarte","robots":{"index":"index","follow":"follow","max-snippet":"max-snippet:-1","max-image-preview":"max-image-preview:large","max-video-preview":"max-video-preview:-1"},"canonical":"https:\/\/naturarte.eu\/en\/product\/kensington\/","og_locale":"en_US","og_type":"article","og_title":"Kensington - Naturarte","og_description":"Installation in Spain and international export. Contact us to get a personalized quote.  Own stock.  Personalized quotation","og_url":"https:\/\/naturarte.eu\/en\/product\/kensington\/","og_site_name":"Naturarte","article_modified_time":"2023-05-05T17:46:32+00:00","og_image":[{"width":2000,"height":1962,"url":"https:\/\/naturarte.eu\/wp-content\/uploads\/2023\/05\/Kensington.jpg","type":"image\/jpeg"}],"twitter_card":"summary_large_image","twitter_misc":{"Est. reading time":"1 minute"},"schema":{"@context":"https:\/\/schema.org","@graph":[{"@type":"WebPage","@id":"https:\/\/naturarte.eu\/en\/product\/kensington\/","url":"https:\/\/naturarte.eu\/en\/product\/kensington\/","name":"Kensington - Naturarte","isPartOf":{"@id":"https:\/\/naturarte.eu\/#website"},"primaryImageOfPage":{"@id":"https:\/\/naturarte.eu\/en\/product\/kensington\/#primaryimage"},"image":{"@id":"https:\/\/naturarte.eu\/en\/product\/kensington\/#primaryimage"},"thumbnailUrl":"https:\/\/naturarte.eu\/wp-content\/uploads\/2023\/05\/Kensington.jpg","datePublished":"2023-05-05T17:40:40+00:00","dateModified":"2023-05-05T17:46:32+00:00","breadcrumb":{"@id":"https:\/\/naturarte.eu\/en\/product\/kensington\/#breadcrumb"},"inLanguage":"en-US","potentialAction":[{"@type":"ReadAction","target":["https:\/\/naturarte.eu\/en\/product\/kensington\/"]}]},{"@type":"ImageObject","inLanguage":"en-US","@id":"https:\/\/naturarte.eu\/en\/product\/kensington\/#primaryimage","url":"https:\/\/naturarte.eu\/wp-content\/uploads\/2023\/05\/Kensington.jpg","contentUrl":"https:\/\/naturarte.eu\/wp-content\/uploads\/2023\/05\/Kensington.jpg","width":2000,"height":1962},{"@type":"BreadcrumbList","@id":"https:\/\/naturarte.eu\/en\/product\/kensington\/#breadcrumb","itemListElement":[{"@type":"ListItem","position":1,"name":"Portada","item":"https:\/\/naturarte.eu\/en\/"},{"@type":"ListItem","position":2,"name":"Products","item":"https:\/\/naturarte.eu\/en\/shop\/"},{"@type":"ListItem","position":3,"name":"Kensington"}]},{"@type":"WebSite","@id":"https:\/\/naturarte.eu\/#website","url":"https:\/\/naturarte.eu\/","name":"Naturarte","description":"DESCUBRA NUESTROS PROYECTOS A TRAV\u00c9S DE NUESTRAS REDES SOCIALES","publisher":{"@id":"https:\/\/naturarte.eu\/#organization"},"potentialAction":[{"@type":"SearchAction","target":{"@type":"EntryPoint","urlTemplate":"https:\/\/naturarte.eu\/?s={search_term_string}"},"query-input":{"@type":"PropertyValueSpecification","valueRequired":true,"valueName":"search_term_string"}}],"inLanguage":"en-US"},{"@type":"Organization","@id":"https:\/\/naturarte.eu\/#organization","name":"Naturarte","url":"https:\/\/naturarte.eu\/","logo":{"@type":"ImageObject","inLanguage":"en-US","@id":"https:\/\/naturarte.eu\/#\/schema\/logo\/image\/","url":"https:\/\/naturarte.eu\/wp-content\/uploads\/2022\/03\/captura-de-pantalla-2022-03-28-a-las-10.40.38.png","contentUrl":"https:\/\/naturarte.eu\/wp-content\/uploads\/2022\/03\/captura-de-pantalla-2022-03-28-a-las-10.40.38.png","width":155,"height":98,"caption":"Naturarte"},"image":{"@id":"https:\/\/naturarte.eu\/#\/schema\/logo\/image\/"}}]}},"jetpack_likes_enabled":false,"jetpack_sharing_enabled":true,"_links":{"self":[{"href":"https:\/\/naturarte.eu\/en\/wp-json\/wp\/v2\/product\/2819","targetHints":{"allow":["GET"]}}],"collection":[{"href":"https:\/\/naturarte.eu\/en\/wp-json\/wp\/v2\/product"}],"about":[{"href":"https:\/\/naturarte.eu\/en\/wp-json\/wp\/v2\/types\/product"}],"replies":[{"embeddable":true,"href":"https:\/\/naturarte.eu\/en\/wp-json\/wp\/v2\/comments?post=2819"}],"wp:featuredmedia":[{"embeddable":true,"href":"https:\/\/naturarte.eu\/en\/wp-json\/wp\/v2\/media\/4348"}],"wp:attachment":[{"href":"https:\/\/naturarte.eu\/en\/wp-json\/wp\/v2\/media?parent=2819"}],"wp:term":[{"taxonomy":"product_brand","embeddable":true,"href":"https:\/\/naturarte.eu\/en\/wp-json\/wp\/v2\/product_brand?post=2819"},{"taxonomy":"product_cat","embeddable":true,"href":"https:\/\/naturarte.eu\/en\/wp-json\/wp\/v2\/product_cat?post=2819"},{"taxonomy":"product_tag","embeddable":true,"href":"https:\/\/naturarte.eu\/en\/wp-json\/wp\/v2\/product_tag?post=2819"}],"curies":[{"name":"wp","href":"https:\/\/api.w.org\/{rel}","templated":true}]}}