{"id":2182,"date":"2023-03-10T16:06:29","date_gmt":"2023-03-10T15:06:29","guid":{"rendered":"https:\/\/naturarte.eu?page_id=2182"},"modified":"2023-03-13T00:10:46","modified_gmt":"2023-03-12T23:10:46","slug":"politique-de-confidentialite","status":"publish","type":"page","link":"https:\/\/naturarte.eu\/fr\/politique-de-confidentialite\/","title":{"rendered":"Politique de confidentialit\u00e9"},"content":{"rendered":"<p><strong>1. RESPONSABLE DU TRAITEMENT<\/strong><\/p>\n<p>NATURARTE S.L. , domicili\u00e9e c\/ Manuel Ferrero, 5. 28036 &#8211; Madrid, avec C.I.F. : B84809599, t\u00e9l\u00e9phone : (+34) 918 594 422 et e-mail : naturarte@naturarte.eu, s&rsquo;engage pour la protection et la s\u00e9curit\u00e9 des donn\u00e9es \u00e0 caract\u00e8re personnel nature que les Utilisateurs ou visiteurs du site DOMINIO pourraient nous fournir.<\/p>\n<p>La pr\u00e9sente Politique de traitement respecte strictement les exigences du R\u00e8glement 2016\/679 du Parlement europ\u00e9en et du Conseil du 27 avril 2016 relatif \u00e0 la protection des personnes physiques \u00e0 l&rsquo;\u00e9gard du traitement des donn\u00e9es \u00e0 caract\u00e8re personnel et \u00e0 la libre circulation des donn\u00e9es (ci-apr\u00e8s, \u00ab\u00a0RGPD\u00a0\u00bb) et la loi organique 3\/2018, du 5 d\u00e9cembre, sur la protection des donn\u00e9es personnelles et la garantie des droits num\u00e9riques, (ci-apr\u00e8s, \u00ab\u00a0LOPDGDD\u00a0\u00bb), dans le but d&rsquo;informer les utilisateurs Utilisateurs de notre site Web DOMINIO de tout ce qui concerne la collecte et le traitement de leurs donn\u00e9es personnelles par NATURARTE.<\/p>\n<p>NATURARTE se r\u00e9serve le droit de modifier et\/ou de mettre \u00e0 jour p\u00e9riodiquement cette Politique, afin de l&rsquo;adapter \u00e0 tout moment \u00e0 la l\u00e9gislation applicable, ainsi qu&rsquo;aux pratiques l\u00e9gitimes de NATURARTE. Dans tous les cas, le contenu de la nouvelle Politique sera publi\u00e9 sur le site Web et sera disponible en permanence pour les Utilisateurs. Il est recommand\u00e9 aux utilisateurs et visiteurs de lire et de consulter cette politique de traitement chaque fois qu&rsquo;ils acc\u00e8dent \u00e0 ce site Web.<\/p>\n<p>L&rsquo;acc\u00e8s et la navigation g\u00e9n\u00e9rale du contenu affich\u00e9 sur le Web ne n\u00e9cessitent pas d&rsquo;enregistrement par les utilisateurs.<\/p>\n<p><strong>2. COMMENT NATURARTE COLLECTE LES DONNEES PERSONNELLES ?<\/strong><\/p>\n<p>NATURARTE peut collecter des informations aupr\u00e8s de l&rsquo;utilisateur de ce site Web \u00e0 diff\u00e9rents moments\u00a0:<\/p>\n<p>Via le Contact, o\u00f9 le nom et le pr\u00e9nom, l&rsquo;adresse e-mail et le num\u00e9ro de t\u00e9l\u00e9phone de l&rsquo;Utilisateur sont obtenus et trait\u00e9s.<br \/>\nDans l&rsquo;abonnement \u00e0 la newsletter, o\u00f9 l&rsquo;adresse e-mail est demand\u00e9e.<br \/>\nLors de la navigation sur le site, par le biais de Cookies. Consultez la politique relative aux cookies.<br \/>\nEn envoyant des formulaires via le site Web, o\u00f9 des donn\u00e9es telles que l&rsquo;e-mail, le num\u00e9ro de t\u00e9l\u00e9phone et le code postal de l&rsquo;utilisateur sont collect\u00e9es.<\/p>\n<p><strong>3. A QUOI SONT UTILISEES LES DONNEES PERSONNELLES ?<\/strong><br \/>\nCoordonn\u00e9es<\/p>\n<p>Par le biais des diff\u00e9rentes adresses e-mail de contact sur le Web, des donn\u00e9es personnelles sont collect\u00e9es, l&rsquo;Utilisateur recevra des informations d\u00e9taill\u00e9es sur le traitement de ses donn\u00e9es, ses finalit\u00e9s, les \u00e9ventuels destinataires des informations, le cas \u00e9ch\u00e9ant, et le caract\u00e8re obligatoire ou facultatif de leurs r\u00e9ponses. aux questions ou aux informations demand\u00e9es.<\/p>\n<p>Finalit\u00e9s : Toutes les donn\u00e9es fournies par l&rsquo;Utilisateur seront utilis\u00e9es pour contacter l&rsquo;Utilisateur.<\/p>\n<p>Vos donn\u00e9es ne seront transf\u00e9r\u00e9es \u00e0 aucun tiers. Vos donn\u00e9es seront conserv\u00e9es pendant 6 mois.<\/p>\n<p>Service d&rsquo;abonnement \u00e0 la newsletter<\/p>\n<p>Objectif : Par le biais dudit service de newsletter, l&rsquo;adresse e-mail de l&rsquo;utilisateur est collect\u00e9e pour envoyer la newsletter.<\/p>\n<p>Les donn\u00e9es ne seront c\u00e9d\u00e9es \u00e0 aucun tiers. Les donn\u00e9es seront conserv\u00e9es jusqu&rsquo;\u00e0 ce que l&rsquo;utilisateur d\u00e9cide d&rsquo;annuler l&rsquo;abonnement \u00e0 la newsletter.<\/p>\n<p>biscuits<\/p>\n<p>A partir du moment o\u00f9 le visiteur acc\u00e8de \u00e0 notre site internet, son adresse Internet peut \u00eatre enregistr\u00e9e sur nos machines sous forme de fichiers LOG (historique). En cons\u00e9quence, l&rsquo;Utilisateur laisse une trace de l&rsquo;adresse IP qui lui est attribu\u00e9e par son fournisseur d&rsquo;acc\u00e8s \u00e0 chaque session, de sorte que chaque requ\u00eate, requ\u00eate, visite ou appel \u00e0 un \u00e9l\u00e9ment d&rsquo;un site Internet puisse \u00eatre enregistr\u00e9. Cependant, les fichiers LOG sont anonymes (de mani\u00e8re \u00e0 ne pas identifier le nom et le pr\u00e9nom de l&rsquo;Utilisateur) et ne seront utilis\u00e9s qu&rsquo;\u00e0 des fins internes telles que des statistiques, pour suivre l&rsquo;acc\u00e8s au site Web. De m\u00eame, gr\u00e2ce aux cookies, des informations sur les habitudes de navigation d&rsquo;un Utilisateur ou de son \u00e9quipement peuvent \u00eatre stock\u00e9es et r\u00e9cup\u00e9r\u00e9es et, en fonction des informations qu&rsquo;ils contiennent et de la mani\u00e8re dont ils utilisent leur \u00e9quipement, elles peuvent \u00eatre utilis\u00e9es pour reconna\u00eetre l&rsquo;Utilisateur. Consultez la politique relative aux cookies.<\/p>\n<p>Finalit\u00e9s : Toutes les donn\u00e9es obtenues par les cookies ont pour seul but de faciliter et d&rsquo;am\u00e9liorer l&rsquo;exp\u00e9rience de l&rsquo;Utilisateur sur le web.<\/p>\n<p>Vos donn\u00e9es ne seront transf\u00e9r\u00e9es \u00e0 aucun tiers. Vos donn\u00e9es seront conserv\u00e9es pendant 6 mois.<\/p>\n<p><strong>4. QUAND EST-IL CONSID\u00c9R\u00c9 QUE J&rsquo;AI AUTORIS\u00c9 NATURARTE \u00c0 TRAITER MES DONN\u00c9ES\u00a0?<\/strong><\/p>\n<p>L\u00e9gitimation:<\/p>\n<p>Au moment o\u00f9 l&rsquo;Utilisateur saisit ses donn\u00e9es et son adresse e-mail et accepte la Politique de traitement des donn\u00e9es, il donne son consentement sans \u00e9quivoque, libre et r\u00e9vocable au traitement de ses donn\u00e9es personnelles dans le seul but d&rsquo;\u00eatre contact\u00e9 pour r\u00e9pondre aux demandes adress\u00e9es \u00e0 NATURATE.<\/p>\n<p><strong>5. DROITS DES PARTIES INTERESSEES<\/strong><\/p>\n<p>En tant qu&rsquo;Utilisateur, vous pouvez exercer les droits suivants \u00e9tablis dans la r\u00e9glementation applicable :<\/p>\n<p>Droit d&rsquo;acc\u00e8s \u00e0 vos donn\u00e9es personnelles vous permettant de diriger<br \/>\nM\u00e1s informaci\u00f3n sobre este texto de origenPara obtener m\u00e1s informaci\u00f3n sobre la traducci\u00f3n, se necesita el texto de origen<br \/>\nEnviar comentarios<br \/>\nPaneles laterales<br \/>\nHistorial<br \/>\nGuardado<br \/>\nContribuir<\/p>\n<p>Suivez-nous pour savoir si nous traitons ou non vos donn\u00e9es personnelles ;<br \/>\nDroit de rectification, par lequel vous pouvez obtenir la rectification de vos donn\u00e9es personnelles qui sont inexactes\u00a0;<br \/>\nDroit d&rsquo;opposition, comme son nom l&rsquo;indique, signifie que vous pouvez vous opposer, en tout ou en partie, \u00e0 notre traitement de vos donn\u00e9es personnelles ;<br \/>\nDroit de suppression pour demander l&rsquo;annulation des donn\u00e9es\u00a0:<br \/>\nDroit \u00e0 la limitation du traitement, qui consiste pour l&rsquo;Utilisateur \u00e0 obtenir la limitation du traitement de vos donn\u00e9es que nous effectuons aupr\u00e8s de NATURARTE ;<br \/>\nDroit de retirer votre consentement \u00e0 tout moment, sans affecter la validit\u00e9 du traitement avant le retrait\u00a0;<br \/>\nDroit de demander la portabilit\u00e9, c&rsquo;est-\u00e0-dire que les donn\u00e9es personnelles que vous nous avez fournies vous soient restitu\u00e9es ou transmises \u00e0 un autre responsable du traitement, dans un format structur\u00e9, couramment utilis\u00e9, lisible par machine et interop\u00e9rable, sans aucun emp\u00eachement de la part de NATURER.<\/p>\n<p>Pour exercer l&rsquo;un de ces droits, l&rsquo;Utilisateur doit joindre une photocopie de sa pi\u00e8ce d&rsquo;identit\u00e9 ou d&rsquo;un document d&rsquo;identification \u00e9quivalent, en contactant NATURARTE \u00e0 l&rsquo;adresse c\/ Manuel Ferrero, 5. 28036 &#8211; Madrid ou par e-mail : naturarte@naturarte.eu en indiquant dans l&rsquo;objet champ : Droits.<\/p>\n<p><strong>6. S\u00c9CURIT\u00c9 DE VOS DONN\u00c9ES PERSONNELLES<\/strong><\/p>\n<p>Afin de garantir la s\u00e9curit\u00e9 de vos donn\u00e9es personnelles, nous vous informons que nous avons adopt\u00e9 toutes les mesures techniques et organisationnelles n\u00e9cessaires pour garantir la s\u00e9curit\u00e9 de vos donn\u00e9es personnelles, en \u00e9vitant leur alt\u00e9ration, perte et traitement ou acc\u00e8s non autoris\u00e9.<\/p>\n<p><strong>7. NOUS CONTACTER<\/strong><\/p>\n<p>Si vous avez des questions ou des pr\u00e9occupations concernant la mani\u00e8re dont nous traitons et utilisons vos donn\u00e9es personnelles ou si vous souhaitez exercer l&rsquo;un des droits d\u00e9crits ci-dessus, contactez notre d\u00e9l\u00e9gu\u00e9 \u00e0 la protection des donn\u00e9es : naturarte@naturarte.eu<\/p>\n","protected":false},"excerpt":{"rendered":"<p>1. RESPONSABLE DU TRAITEMENT NATURARTE S.L. , domicili\u00e9e c\/ Manuel Ferrero, 5. 28036 &#8211; Madrid, avec C.I.F. : B84809599, t\u00e9l\u00e9phone : (+34) 918 594 422 et e-mail : naturarte@naturarte.eu, s&rsquo;engage pour la protection et la s\u00e9curit\u00e9 des donn\u00e9es \u00e0 caract\u00e8re personnel nature que les Utilisateurs ou visiteurs du site DOMINIO pourraient nous fournir. La pr\u00e9sente [&hellip;]<\/p>\n","protected":false},"author":219129019,"featured_media":0,"parent":0,"menu_order":0,"comment_status":"closed","ping_status":"closed","template":"","meta":{"_joinchat":[],"footnotes":""},"class_list":["post-2182","page","type-page","status-publish","hentry"],"yoast_head":"<!-- This site is optimized with the Yoast SEO plugin v27.4 - https:\/\/yoast.com\/product\/yoast-seo-wordpress\/ -->\n<title>Politique de confidentialit\u00e9 - Naturarte<\/title>\n<meta name=\"robots\" content=\"index, follow, max-snippet:-1, max-image-preview:large, max-video-preview:-1\" \/>\n<link rel=\"canonical\" href=\"https:\/\/naturarte.eu\/language\/fr\/politique-de-confidentialite\/\" \/>\n<meta property=\"og:locale\" content=\"fr_FR\" \/>\n<meta property=\"og:type\" content=\"article\" \/>\n<meta property=\"og:title\" content=\"Politique de confidentialit\u00e9 - Naturarte\" \/>\n<meta property=\"og:description\" content=\"1. RESPONSABLE DU TRAITEMENT NATURARTE S.L. , domicili\u00e9e c\/ Manuel Ferrero, 5. 28036 &#8211; Madrid, avec C.I.F. : B84809599, t\u00e9l\u00e9phone : (+34) 918 594 422 et e-mail : naturarte@naturarte.eu, s&rsquo;engage pour la protection et la s\u00e9curit\u00e9 des donn\u00e9es \u00e0 caract\u00e8re personnel nature que les Utilisateurs ou visiteurs du site DOMINIO pourraient nous fournir. La pr\u00e9sente [&hellip;]\" \/>\n<meta property=\"og:url\" content=\"https:\/\/naturarte.eu\/language\/fr\/politique-de-confidentialite\/\" \/>\n<meta property=\"og:site_name\" content=\"Naturarte\" \/>\n<meta property=\"article:modified_time\" content=\"2023-03-12T23:10:46+00:00\" \/>\n<meta name=\"twitter:card\" content=\"summary_large_image\" \/>\n<meta name=\"twitter:label1\" content=\"Dur\u00e9e de lecture estim\u00e9e\" \/>\n\t<meta name=\"twitter:data1\" content=\"5 minutes\" \/>\n<script type=\"application\/ld+json\" class=\"yoast-schema-graph\">{\"@context\":\"https:\\\/\\\/schema.org\",\"@graph\":[{\"@type\":\"WebPage\",\"@id\":\"https:\\\/\\\/naturarte.eu\\\/language\\\/fr\\\/politique-de-confidentialite\\\/\",\"url\":\"https:\\\/\\\/naturarte.eu\\\/language\\\/fr\\\/politique-de-confidentialite\\\/\",\"name\":\"Politique de confidentialit\u00e9 - Naturarte\",\"isPartOf\":{\"@id\":\"https:\\\/\\\/naturarte.eu\\\/#website\"},\"datePublished\":\"2023-03-10T15:06:29+00:00\",\"dateModified\":\"2023-03-12T23:10:46+00:00\",\"breadcrumb\":{\"@id\":\"https:\\\/\\\/naturarte.eu\\\/language\\\/fr\\\/politique-de-confidentialite\\\/#breadcrumb\"},\"inLanguage\":\"fr-FR\",\"potentialAction\":[{\"@type\":\"ReadAction\",\"target\":[\"https:\\\/\\\/naturarte.eu\\\/language\\\/fr\\\/politique-de-confidentialite\\\/\"]}]},{\"@type\":\"BreadcrumbList\",\"@id\":\"https:\\\/\\\/naturarte.eu\\\/language\\\/fr\\\/politique-de-confidentialite\\\/#breadcrumb\",\"itemListElement\":[{\"@type\":\"ListItem\",\"position\":1,\"name\":\"Portada\",\"item\":\"https:\\\/\\\/naturarte.eu\\\/fr\\\/\"},{\"@type\":\"ListItem\",\"position\":2,\"name\":\"Politique de confidentialit\u00e9\"}]},{\"@type\":\"WebSite\",\"@id\":\"https:\\\/\\\/naturarte.eu\\\/#website\",\"url\":\"https:\\\/\\\/naturarte.eu\\\/\",\"name\":\"Naturarte\",\"description\":\"DESCUBRA NUESTROS PROYECTOS A TRAV\u00c9S DE NUESTRAS REDES SOCIALES\",\"publisher\":{\"@id\":\"https:\\\/\\\/naturarte.eu\\\/#organization\"},\"potentialAction\":[{\"@type\":\"SearchAction\",\"target\":{\"@type\":\"EntryPoint\",\"urlTemplate\":\"https:\\\/\\\/naturarte.eu\\\/?s={search_term_string}\"},\"query-input\":{\"@type\":\"PropertyValueSpecification\",\"valueRequired\":true,\"valueName\":\"search_term_string\"}}],\"inLanguage\":\"fr-FR\"},{\"@type\":\"Organization\",\"@id\":\"https:\\\/\\\/naturarte.eu\\\/#organization\",\"name\":\"Naturarte\",\"url\":\"https:\\\/\\\/naturarte.eu\\\/\",\"logo\":{\"@type\":\"ImageObject\",\"inLanguage\":\"fr-FR\",\"@id\":\"https:\\\/\\\/naturarte.eu\\\/#\\\/schema\\\/logo\\\/image\\\/\",\"url\":\"https:\\\/\\\/naturarte.eu\\\/wp-content\\\/uploads\\\/2022\\\/03\\\/captura-de-pantalla-2022-03-28-a-las-10.40.38.png\",\"contentUrl\":\"https:\\\/\\\/naturarte.eu\\\/wp-content\\\/uploads\\\/2022\\\/03\\\/captura-de-pantalla-2022-03-28-a-las-10.40.38.png\",\"width\":155,\"height\":98,\"caption\":\"Naturarte\"},\"image\":{\"@id\":\"https:\\\/\\\/naturarte.eu\\\/#\\\/schema\\\/logo\\\/image\\\/\"}}]}<\/script>\n<!-- \/ Yoast SEO plugin. -->","yoast_head_json":{"title":"Politique de confidentialit\u00e9 - Naturarte","robots":{"index":"index","follow":"follow","max-snippet":"max-snippet:-1","max-image-preview":"max-image-preview:large","max-video-preview":"max-video-preview:-1"},"canonical":"https:\/\/naturarte.eu\/language\/fr\/politique-de-confidentialite\/","og_locale":"fr_FR","og_type":"article","og_title":"Politique de confidentialit\u00e9 - Naturarte","og_description":"1. RESPONSABLE DU TRAITEMENT NATURARTE S.L. , domicili\u00e9e c\/ Manuel Ferrero, 5. 28036 &#8211; Madrid, avec C.I.F. : B84809599, t\u00e9l\u00e9phone : (+34) 918 594 422 et e-mail : naturarte@naturarte.eu, s&rsquo;engage pour la protection et la s\u00e9curit\u00e9 des donn\u00e9es \u00e0 caract\u00e8re personnel nature que les Utilisateurs ou visiteurs du site DOMINIO pourraient nous fournir. La pr\u00e9sente [&hellip;]","og_url":"https:\/\/naturarte.eu\/language\/fr\/politique-de-confidentialite\/","og_site_name":"Naturarte","article_modified_time":"2023-03-12T23:10:46+00:00","twitter_card":"summary_large_image","twitter_misc":{"Dur\u00e9e de lecture estim\u00e9e":"5 minutes"},"schema":{"@context":"https:\/\/schema.org","@graph":[{"@type":"WebPage","@id":"https:\/\/naturarte.eu\/language\/fr\/politique-de-confidentialite\/","url":"https:\/\/naturarte.eu\/language\/fr\/politique-de-confidentialite\/","name":"Politique de confidentialit\u00e9 - Naturarte","isPartOf":{"@id":"https:\/\/naturarte.eu\/#website"},"datePublished":"2023-03-10T15:06:29+00:00","dateModified":"2023-03-12T23:10:46+00:00","breadcrumb":{"@id":"https:\/\/naturarte.eu\/language\/fr\/politique-de-confidentialite\/#breadcrumb"},"inLanguage":"fr-FR","potentialAction":[{"@type":"ReadAction","target":["https:\/\/naturarte.eu\/language\/fr\/politique-de-confidentialite\/"]}]},{"@type":"BreadcrumbList","@id":"https:\/\/naturarte.eu\/language\/fr\/politique-de-confidentialite\/#breadcrumb","itemListElement":[{"@type":"ListItem","position":1,"name":"Portada","item":"https:\/\/naturarte.eu\/fr\/"},{"@type":"ListItem","position":2,"name":"Politique de confidentialit\u00e9"}]},{"@type":"WebSite","@id":"https:\/\/naturarte.eu\/#website","url":"https:\/\/naturarte.eu\/","name":"Naturarte","description":"DESCUBRA NUESTROS PROYECTOS A TRAV\u00c9S DE NUESTRAS REDES SOCIALES","publisher":{"@id":"https:\/\/naturarte.eu\/#organization"},"potentialAction":[{"@type":"SearchAction","target":{"@type":"EntryPoint","urlTemplate":"https:\/\/naturarte.eu\/?s={search_term_string}"},"query-input":{"@type":"PropertyValueSpecification","valueRequired":true,"valueName":"search_term_string"}}],"inLanguage":"fr-FR"},{"@type":"Organization","@id":"https:\/\/naturarte.eu\/#organization","name":"Naturarte","url":"https:\/\/naturarte.eu\/","logo":{"@type":"ImageObject","inLanguage":"fr-FR","@id":"https:\/\/naturarte.eu\/#\/schema\/logo\/image\/","url":"https:\/\/naturarte.eu\/wp-content\/uploads\/2022\/03\/captura-de-pantalla-2022-03-28-a-las-10.40.38.png","contentUrl":"https:\/\/naturarte.eu\/wp-content\/uploads\/2022\/03\/captura-de-pantalla-2022-03-28-a-las-10.40.38.png","width":155,"height":98,"caption":"Naturarte"},"image":{"@id":"https:\/\/naturarte.eu\/#\/schema\/logo\/image\/"}}]}},"jetpack_likes_enabled":true,"jetpack_sharing_enabled":true,"jetpack_shortlink":"https:\/\/wp.me\/PdQdL7-zc","_links":{"self":[{"href":"https:\/\/naturarte.eu\/fr\/wp-json\/wp\/v2\/pages\/2182","targetHints":{"allow":["GET"]}}],"collection":[{"href":"https:\/\/naturarte.eu\/fr\/wp-json\/wp\/v2\/pages"}],"about":[{"href":"https:\/\/naturarte.eu\/fr\/wp-json\/wp\/v2\/types\/page"}],"author":[{"embeddable":true,"href":"https:\/\/naturarte.eu\/fr\/wp-json\/wp\/v2\/users\/219129019"}],"replies":[{"embeddable":true,"href":"https:\/\/naturarte.eu\/fr\/wp-json\/wp\/v2\/comments?post=2182"}],"version-history":[{"count":3,"href":"https:\/\/naturarte.eu\/fr\/wp-json\/wp\/v2\/pages\/2182\/revisions"}],"predecessor-version":[{"id":2581,"href":"https:\/\/naturarte.eu\/fr\/wp-json\/wp\/v2\/pages\/2182\/revisions\/2581"}],"wp:attachment":[{"href":"https:\/\/naturarte.eu\/fr\/wp-json\/wp\/v2\/media?parent=2182"}],"curies":[{"name":"wp","href":"https:\/\/api.w.org\/{rel}","templated":true}]}}