{"id":2190,"date":"2023-03-10T16:12:27","date_gmt":"2023-03-10T15:12:27","guid":{"rendered":"https:\/\/naturarte.eu?page_id=2190"},"modified":"2023-03-12T23:48:37","modified_gmt":"2023-03-12T22:48:37","slug":"avis-legal","status":"publish","type":"page","link":"https:\/\/naturarte.eu\/fr\/avis-legal\/","title":{"rendered":"Avis l\u00e9gal"},"content":{"rendered":"<p><strong>Informations g\u00e9n\u00e9rales<\/strong><\/p>\n<p>Pour se conformer aux dispositions de la loi 34\/2002, du 11 juillet, sur les services de la soci\u00e9t\u00e9 de l&rsquo;information et du commerce \u00e9lectronique, \u00e0<\/p>\n<p>Les donn\u00e9es g\u00e9n\u00e9rales d&rsquo;information de ce site sont indiqu\u00e9es ci-dessous :<\/p>\n<p>Propri\u00e9taire : Natura Arte Nuevo Siglo, S.L.<\/p>\n<p>CIF : B84809599<\/p>\n<p>c\/ Manuel Ferrero, 5. 28036 &#8211; Madrid<\/p>\n<p>Tif.: 918 594 422<\/p>\n<p>naturarte@naturarte.eu<\/p>\n<p><strong>Politique de cookies<\/strong><\/p>\n<p>Ce site Web utilise Google Analytics, un service d&rsquo;analyse Web fourni par Google, Inc., une soci\u00e9t\u00e9 du Delaware dont le si\u00e8ge est situ\u00e9 au 1600<\/p>\n<p>Amphitheatre Parkway, Mountain View (Californie), CA 94043, \u00c9tats-Unis (\u00ab\u00a0Google\u00a0\u00bb&lsquo;)<\/p>\n<p>Google Analytics utilise des \u00ab\u00a0cookies\u00a0\u00bb, qui sont des fichiers texte plac\u00e9s sur votre ordinateur, pour aider le site Web \u00e0 analyser la fa\u00e7on dont les utilisateurs utilisent le site Web. Les informations g\u00e9n\u00e9r\u00e9es par le cookie concernant votre utilisation du site Web (y compris votre adresse IP) seront directement transmises et stock\u00e9es par Google sur des serveurs aux \u00c9tats-Unis. Google utilisera ces informations en notre nom dans le but de suivre votre utilisation du site Web, de compiler des rapports sur l&rsquo;activit\u00e9 du site Web et de fournir d&rsquo;autres services li\u00e9s \u00e0 l&rsquo;activit\u00e9 du site Web et \u00e0 l&rsquo;utilisation d&rsquo;Internet. Google peut transmettre ces informations \u00e0 des tiers lorsque la loi l&rsquo;exige ou lorsque ces tiers traitent les informations pour le compte de Google. Google n&rsquo;associera pas votre adresse IP \u00e0 d&rsquo;autres donn\u00e9es d\u00e9tenues par Google.<\/p>\n<p>Google Analytics utilise principalement des cookies propri\u00e9taires pour signaler les interactions des utilisateurs sur son site Web. Ces cookies sont utilis\u00e9s pour stocker des informations non personnellement identifiables. Les navigateurs ne partagent pas les cookies propri\u00e9taires entre diff\u00e9rents domaines.<\/p>\n<p>Vous pouvez refuser le traitement de donn\u00e9es ou d&rsquo;informations en refusant l&rsquo;utilisation de cookies en s\u00e9lectionnant les param\u00e8tres appropri\u00e9s de votre navigateur, cependant, vous devez savoir que si vous le faites, vous ne pourrez peut-\u00eatre pas utiliser toutes les fonctionnalit\u00e9s de ce site Web. En utilisant ce site Web. Vous consentez au traitement des informations concernant lIatad ni Annal de la mani\u00e8re et aux fins indiqu\u00e9es ci-dessus.<\/p>\n<p><strong>Utilisation du site Web, des services et du contenu<\/strong><\/p>\n<p>Ce site Web a \u00e9t\u00e9 cr\u00e9\u00e9 par Natura Arte Nuevo Siglo, S.L., \u00e0 des fins d&rsquo;information. Le fait d&rsquo;acc\u00e9der \u00e0 ce site implique la connaissance et<\/p>\n<p>acceptation des termes et conditions suivants :<\/p>\n<p>&#8211; L&rsquo;acc\u00e8s \u00e0 ce site rel\u00e8ve de la seule responsabilit\u00e9 des utilisateurs.<\/p>\n<p>&#8211; L&rsquo;acc\u00e8s \u00e0 ce site n&rsquo;implique aucun type de relation commerciale entre Natura Arte Nuevo Siglo, S.L. et l&rsquo;utilisateur.<\/p>\n<p>&#8211; L&rsquo;acc\u00e8s et la navigation sur ce site impliquent l&rsquo;acceptation et la connaissance des mentions l\u00e9gales, conditions et modalit\u00e9s d&rsquo;utilisation qui y sont contenues.<\/p>\n<p>L&rsquo;acc\u00e8s \u00e0 cette page Web attribue la condition d&rsquo;utilisateur \u00e0 celui qui le fait. Par le simple fait d&rsquo;utiliser ce site Web, l&rsquo;utilisateur accepte pleinement les termes et conditions \u00e9tablis ici et s&rsquo;engage \u00e0 le faire conform\u00e9ment \u00e0 la loi et \u00e0 respecter les autres instructions d&rsquo;utilisation contenues dans ce site Web, ainsi que les Conditions G\u00e9n\u00e9rales.<\/p>\n<p>L&rsquo;utilisation excessive ou abusive de ce site Web peut entra\u00eener le refus d&rsquo;acc\u00e8s aux services qui y sont contenus. C&rsquo;est interdit:<\/p>\n<p>&#8211; Sa reproduction, distribution ou modification, sauf si vous avez l&rsquo;autorisation de ses propri\u00e9taires l\u00e9gitimes ou si cela est l\u00e9galement autoris\u00e9.<\/p>\n<p>&#8211; Toute violation des droits de Natura Arte Nuevo Siglo, S.L. ou leurs propri\u00e9taires l\u00e9gitimes sur eux<\/p>\n<p>&#8211; Son utilisation \u00e0 toutes fins commerciales ou publicitaires autres que celles strictement autoris\u00e9es.<\/p>\n<p>&#8211; Toute tentative d&rsquo;obtenir le contenu du Web par tout autre moyen que ceux mis \u00e0 la disposition des utilisateurs ainsi que ceux habituellement utilis\u00e9s sur le r\u00e9seau.<\/p>\n<p><strong>Modification unilat\u00e9rale<\/strong><\/p>\n<p>Natura Arte Nuevo Siglo, S.L., chaque fois qu&rsquo;elle le juge opportun, peut modifier unilat\u00e9ralement et sans pr\u00e9avis la structure et la conception du site Web, ainsi que modifier ou supprimer ses services, contenus et conditions d&rsquo;acc\u00e8s et\/ou d&rsquo;utilisation.<\/p>\n<p><strong>Dur\u00e9e<\/strong><\/p>\n<p>La dur\u00e9e de la fourniture du service Web et des services est ind\u00e9termin\u00e9e. Nonobstant ce qui pr\u00e9c\u00e8de, Natura Arte Nuevo Siglo, S.L. se r\u00e9serve le droit d&rsquo;interrompre, de suspendre ou de r\u00e9silier la fourniture du service Web ou de l&rsquo;un des services qui le composent.<\/p>\n","protected":false},"excerpt":{"rendered":"<p>Informations g\u00e9n\u00e9rales Pour se conformer aux dispositions de la loi 34\/2002, du 11 juillet, sur les services de la soci\u00e9t\u00e9 de l&rsquo;information et du commerce \u00e9lectronique, \u00e0 Les donn\u00e9es g\u00e9n\u00e9rales d&rsquo;information de ce site sont indiqu\u00e9es ci-dessous : Propri\u00e9taire : Natura Arte Nuevo Siglo, S.L. CIF : B84809599 c\/ Manuel Ferrero, 5. 28036 &#8211; Madrid [&hellip;]<\/p>\n","protected":false},"author":219129019,"featured_media":0,"parent":0,"menu_order":0,"comment_status":"closed","ping_status":"closed","template":"","meta":{"_joinchat":[],"footnotes":""},"class_list":["post-2190","page","type-page","status-publish","hentry"],"yoast_head":"<!-- This site is optimized with the Yoast SEO plugin v27.5 - https:\/\/yoast.com\/product\/yoast-seo-wordpress\/ -->\n<title>Avis l\u00e9gal - Naturarte<\/title>\n<meta name=\"robots\" content=\"index, follow, max-snippet:-1, max-image-preview:large, max-video-preview:-1\" \/>\n<link rel=\"canonical\" href=\"https:\/\/naturarte.eu\/language\/fr\/avis-legal\/\" \/>\n<meta property=\"og:locale\" content=\"fr_FR\" \/>\n<meta property=\"og:type\" content=\"article\" \/>\n<meta property=\"og:title\" content=\"Avis l\u00e9gal - Naturarte\" \/>\n<meta property=\"og:description\" content=\"Informations g\u00e9n\u00e9rales Pour se conformer aux dispositions de la loi 34\/2002, du 11 juillet, sur les services de la soci\u00e9t\u00e9 de l&rsquo;information et du commerce \u00e9lectronique, \u00e0 Les donn\u00e9es g\u00e9n\u00e9rales d&rsquo;information de ce site sont indiqu\u00e9es ci-dessous : Propri\u00e9taire : Natura Arte Nuevo Siglo, S.L. CIF : B84809599 c\/ Manuel Ferrero, 5. 28036 &#8211; Madrid [&hellip;]\" \/>\n<meta property=\"og:url\" content=\"https:\/\/naturarte.eu\/language\/fr\/avis-legal\/\" \/>\n<meta property=\"og:site_name\" content=\"Naturarte\" \/>\n<meta property=\"article:modified_time\" content=\"2023-03-12T22:48:37+00:00\" \/>\n<meta name=\"twitter:card\" content=\"summary_large_image\" \/>\n<meta name=\"twitter:label1\" content=\"Dur\u00e9e de lecture estim\u00e9e\" \/>\n\t<meta name=\"twitter:data1\" content=\"4 minutes\" \/>\n<script type=\"application\/ld+json\" class=\"yoast-schema-graph\">{\"@context\":\"https:\\\/\\\/schema.org\",\"@graph\":[{\"@type\":\"WebPage\",\"@id\":\"https:\\\/\\\/naturarte.eu\\\/language\\\/fr\\\/avis-legal\\\/\",\"url\":\"https:\\\/\\\/naturarte.eu\\\/language\\\/fr\\\/avis-legal\\\/\",\"name\":\"Avis l\u00e9gal - Naturarte\",\"isPartOf\":{\"@id\":\"https:\\\/\\\/naturarte.eu\\\/#website\"},\"datePublished\":\"2023-03-10T15:12:27+00:00\",\"dateModified\":\"2023-03-12T22:48:37+00:00\",\"breadcrumb\":{\"@id\":\"https:\\\/\\\/naturarte.eu\\\/language\\\/fr\\\/avis-legal\\\/#breadcrumb\"},\"inLanguage\":\"fr-FR\",\"potentialAction\":[{\"@type\":\"ReadAction\",\"target\":[\"https:\\\/\\\/naturarte.eu\\\/language\\\/fr\\\/avis-legal\\\/\"]}]},{\"@type\":\"BreadcrumbList\",\"@id\":\"https:\\\/\\\/naturarte.eu\\\/language\\\/fr\\\/avis-legal\\\/#breadcrumb\",\"itemListElement\":[{\"@type\":\"ListItem\",\"position\":1,\"name\":\"Portada\",\"item\":\"https:\\\/\\\/naturarte.eu\\\/fr\\\/\"},{\"@type\":\"ListItem\",\"position\":2,\"name\":\"Avis l\u00e9gal\"}]},{\"@type\":\"WebSite\",\"@id\":\"https:\\\/\\\/naturarte.eu\\\/#website\",\"url\":\"https:\\\/\\\/naturarte.eu\\\/\",\"name\":\"Naturarte\",\"description\":\"DESCUBRA NUESTROS PROYECTOS A TRAV\u00c9S DE NUESTRAS REDES SOCIALES\",\"publisher\":{\"@id\":\"https:\\\/\\\/naturarte.eu\\\/#organization\"},\"potentialAction\":[{\"@type\":\"SearchAction\",\"target\":{\"@type\":\"EntryPoint\",\"urlTemplate\":\"https:\\\/\\\/naturarte.eu\\\/?s={search_term_string}\"},\"query-input\":{\"@type\":\"PropertyValueSpecification\",\"valueRequired\":true,\"valueName\":\"search_term_string\"}}],\"inLanguage\":\"fr-FR\"},{\"@type\":\"Organization\",\"@id\":\"https:\\\/\\\/naturarte.eu\\\/#organization\",\"name\":\"Naturarte\",\"url\":\"https:\\\/\\\/naturarte.eu\\\/\",\"logo\":{\"@type\":\"ImageObject\",\"inLanguage\":\"fr-FR\",\"@id\":\"https:\\\/\\\/naturarte.eu\\\/#\\\/schema\\\/logo\\\/image\\\/\",\"url\":\"https:\\\/\\\/naturarte.eu\\\/wp-content\\\/uploads\\\/2022\\\/03\\\/captura-de-pantalla-2022-03-28-a-las-10.40.38.png\",\"contentUrl\":\"https:\\\/\\\/naturarte.eu\\\/wp-content\\\/uploads\\\/2022\\\/03\\\/captura-de-pantalla-2022-03-28-a-las-10.40.38.png\",\"width\":155,\"height\":98,\"caption\":\"Naturarte\"},\"image\":{\"@id\":\"https:\\\/\\\/naturarte.eu\\\/#\\\/schema\\\/logo\\\/image\\\/\"}}]}<\/script>\n<!-- \/ Yoast SEO plugin. -->","yoast_head_json":{"title":"Avis l\u00e9gal - Naturarte","robots":{"index":"index","follow":"follow","max-snippet":"max-snippet:-1","max-image-preview":"max-image-preview:large","max-video-preview":"max-video-preview:-1"},"canonical":"https:\/\/naturarte.eu\/language\/fr\/avis-legal\/","og_locale":"fr_FR","og_type":"article","og_title":"Avis l\u00e9gal - Naturarte","og_description":"Informations g\u00e9n\u00e9rales Pour se conformer aux dispositions de la loi 34\/2002, du 11 juillet, sur les services de la soci\u00e9t\u00e9 de l&rsquo;information et du commerce \u00e9lectronique, \u00e0 Les donn\u00e9es g\u00e9n\u00e9rales d&rsquo;information de ce site sont indiqu\u00e9es ci-dessous : Propri\u00e9taire : Natura Arte Nuevo Siglo, S.L. CIF : B84809599 c\/ Manuel Ferrero, 5. 28036 &#8211; Madrid [&hellip;]","og_url":"https:\/\/naturarte.eu\/language\/fr\/avis-legal\/","og_site_name":"Naturarte","article_modified_time":"2023-03-12T22:48:37+00:00","twitter_card":"summary_large_image","twitter_misc":{"Dur\u00e9e de lecture estim\u00e9e":"4 minutes"},"schema":{"@context":"https:\/\/schema.org","@graph":[{"@type":"WebPage","@id":"https:\/\/naturarte.eu\/language\/fr\/avis-legal\/","url":"https:\/\/naturarte.eu\/language\/fr\/avis-legal\/","name":"Avis l\u00e9gal - Naturarte","isPartOf":{"@id":"https:\/\/naturarte.eu\/#website"},"datePublished":"2023-03-10T15:12:27+00:00","dateModified":"2023-03-12T22:48:37+00:00","breadcrumb":{"@id":"https:\/\/naturarte.eu\/language\/fr\/avis-legal\/#breadcrumb"},"inLanguage":"fr-FR","potentialAction":[{"@type":"ReadAction","target":["https:\/\/naturarte.eu\/language\/fr\/avis-legal\/"]}]},{"@type":"BreadcrumbList","@id":"https:\/\/naturarte.eu\/language\/fr\/avis-legal\/#breadcrumb","itemListElement":[{"@type":"ListItem","position":1,"name":"Portada","item":"https:\/\/naturarte.eu\/fr\/"},{"@type":"ListItem","position":2,"name":"Avis l\u00e9gal"}]},{"@type":"WebSite","@id":"https:\/\/naturarte.eu\/#website","url":"https:\/\/naturarte.eu\/","name":"Naturarte","description":"DESCUBRA NUESTROS PROYECTOS A TRAV\u00c9S DE NUESTRAS REDES SOCIALES","publisher":{"@id":"https:\/\/naturarte.eu\/#organization"},"potentialAction":[{"@type":"SearchAction","target":{"@type":"EntryPoint","urlTemplate":"https:\/\/naturarte.eu\/?s={search_term_string}"},"query-input":{"@type":"PropertyValueSpecification","valueRequired":true,"valueName":"search_term_string"}}],"inLanguage":"fr-FR"},{"@type":"Organization","@id":"https:\/\/naturarte.eu\/#organization","name":"Naturarte","url":"https:\/\/naturarte.eu\/","logo":{"@type":"ImageObject","inLanguage":"fr-FR","@id":"https:\/\/naturarte.eu\/#\/schema\/logo\/image\/","url":"https:\/\/naturarte.eu\/wp-content\/uploads\/2022\/03\/captura-de-pantalla-2022-03-28-a-las-10.40.38.png","contentUrl":"https:\/\/naturarte.eu\/wp-content\/uploads\/2022\/03\/captura-de-pantalla-2022-03-28-a-las-10.40.38.png","width":155,"height":98,"caption":"Naturarte"},"image":{"@id":"https:\/\/naturarte.eu\/#\/schema\/logo\/image\/"}}]}},"jetpack_likes_enabled":true,"jetpack_sharing_enabled":true,"jetpack_shortlink":"https:\/\/wp.me\/PdQdL7-zk","_links":{"self":[{"href":"https:\/\/naturarte.eu\/fr\/wp-json\/wp\/v2\/pages\/2190","targetHints":{"allow":["GET"]}}],"collection":[{"href":"https:\/\/naturarte.eu\/fr\/wp-json\/wp\/v2\/pages"}],"about":[{"href":"https:\/\/naturarte.eu\/fr\/wp-json\/wp\/v2\/types\/page"}],"author":[{"embeddable":true,"href":"https:\/\/naturarte.eu\/fr\/wp-json\/wp\/v2\/users\/219129019"}],"replies":[{"embeddable":true,"href":"https:\/\/naturarte.eu\/fr\/wp-json\/wp\/v2\/comments?post=2190"}],"version-history":[{"count":3,"href":"https:\/\/naturarte.eu\/fr\/wp-json\/wp\/v2\/pages\/2190\/revisions"}],"predecessor-version":[{"id":2493,"href":"https:\/\/naturarte.eu\/fr\/wp-json\/wp\/v2\/pages\/2190\/revisions\/2493"}],"wp:attachment":[{"href":"https:\/\/naturarte.eu\/fr\/wp-json\/wp\/v2\/media?parent=2190"}],"curies":[{"name":"wp","href":"https:\/\/api.w.org\/{rel}","templated":true}]}}