{"id":1841,"date":"2022-06-07T19:47:41","date_gmt":"2022-06-07T17:47:41","guid":{"rendered":"https:\/\/naturarte.eu?post_type=product&#038;p=1841"},"modified":"2026-04-05T13:41:53","modified_gmt":"2026-04-05T11:41:53","slug":"teck","status":"publish","type":"product","link":"https:\/\/naturarte.eu\/fr\/produit\/teck\/","title":{"rendered":"Teck"},"content":{"rendered":"<p><strong>Caract\u00e9ristiques techniques:<\/strong> bois fin et dur, \u00e0 grain droit et compact et gros grain. Il contient une huile antiseptique qui le rend tr\u00e8s r\u00e9sistant et le prot\u00e8ge des attaques de divers organismes; elle n&rsquo;est pas corrosive.<\/p>\n<p><strong>Utilisations:<\/strong> menuiserie int\u00e9rieure et ext\u00e9rieure, constructions navales, rev\u00eatements d\u00e9coratifs, mobilier, f\u00fbts de stockage de produits chimiques et \u00e9b\u00e9nisterie.<\/p>\n<p>&nbsp;<\/p>\n<p><strong>Donn\u00e9es techniques<\/strong><\/p>\n<p><strong>Arbre<\/strong><\/p>\n<p>&#8211; Hauteur : 30m<br \/>\n&#8211; Diam\u00e8tre : 1m<\/p>\n<p><strong>Propri\u00e9t\u00e9s physiques<\/strong><\/p>\n<p>&#8211; Densit\u00e9 : 750 kg\/m3<br \/>\n&#8211; Retrait : radial 2,57 % ; tangentiel 5,33%<br \/>\n&#8211; Durabilit\u00e9 : tr\u00e8s \u00e9lev\u00e9e<\/p>\n","protected":false},"excerpt":{"rendered":"<p><strong>Nom scientifique:<\/strong> Tectona grandis.<\/p>\n<p>Installation et exportation. Nous avons notre propre stock.<\/p>\n<p><a href=\"https:\/\/naturarte.eulanguage\/fr\/contact\/\">Devis personnalis\u00e9<\/a><\/p>\n","protected":false},"featured_media":1842,"comment_status":"open","ping_status":"closed","template":"","meta":{"_joinchat":[]},"product_brand":[],"product_cat":[121991,121995],"product_tag":[],"class_list":{"0":"post-1841","1":"product","2":"type-product","3":"status-publish","4":"has-post-thumbnail","6":"product_cat-exterieur-solide-et-composite","7":"product_cat-solide-dinterieur","9":"first","10":"instock","11":"featured","12":"shipping-taxable","13":"product-type-simple"},"yoast_head":"<!-- This site is optimized with the Yoast SEO plugin v27.4 - https:\/\/yoast.com\/product\/yoast-seo-wordpress\/ -->\n<title>Teck - Naturarte<\/title>\n<meta name=\"description\" content=\"Instalaci\u00f3n y exportaci\u00f3n con stock propio. Contamos con dieciocho tipos de tarimas macizas, para que pueda escoger.\" \/>\n<meta name=\"robots\" content=\"index, follow, max-snippet:-1, max-image-preview:large, max-video-preview:-1\" \/>\n<link rel=\"canonical\" href=\"https:\/\/naturarte.eu\/fr\/produit\/teck\/\" \/>\n<meta property=\"og:locale\" content=\"fr_FR\" \/>\n<meta property=\"og:type\" content=\"article\" \/>\n<meta property=\"og:title\" content=\"Teck - Naturarte\" \/>\n<meta property=\"og:description\" content=\"Instalaci\u00f3n y exportaci\u00f3n con stock propio. Contamos con dieciocho tipos de tarimas macizas, para que pueda escoger.\" \/>\n<meta property=\"og:url\" content=\"https:\/\/naturarte.eu\/fr\/produit\/teck\/\" \/>\n<meta property=\"og:site_name\" content=\"Naturarte\" \/>\n<meta property=\"article:modified_time\" content=\"2026-04-05T11:41:53+00:00\" \/>\n<meta property=\"og:image\" content=\"https:\/\/naturarte.eu\/wp-content\/uploads\/2022\/03\/Teca.jpg\" \/>\n\t<meta property=\"og:image:width\" content=\"370\" \/>\n\t<meta property=\"og:image:height\" content=\"207\" \/>\n\t<meta property=\"og:image:type\" content=\"image\/jpeg\" \/>\n<meta name=\"twitter:card\" content=\"summary_large_image\" \/>\n<meta name=\"twitter:label1\" content=\"Dur\u00e9e de lecture estim\u00e9e\" \/>\n\t<meta name=\"twitter:data1\" content=\"1 minute\" \/>\n<script type=\"application\/ld+json\" class=\"yoast-schema-graph\">{\"@context\":\"https:\\\/\\\/schema.org\",\"@graph\":[{\"@type\":\"WebPage\",\"@id\":\"https:\\\/\\\/naturarte.eu\\\/fr\\\/produit\\\/teck\\\/\",\"url\":\"https:\\\/\\\/naturarte.eu\\\/fr\\\/produit\\\/teck\\\/\",\"name\":\"Teck - Naturarte\",\"isPartOf\":{\"@id\":\"https:\\\/\\\/naturarte.eu\\\/#website\"},\"primaryImageOfPage\":{\"@id\":\"https:\\\/\\\/naturarte.eu\\\/fr\\\/produit\\\/teck\\\/#primaryimage\"},\"image\":{\"@id\":\"https:\\\/\\\/naturarte.eu\\\/fr\\\/produit\\\/teck\\\/#primaryimage\"},\"thumbnailUrl\":\"https:\\\/\\\/naturarte.eu\\\/wp-content\\\/uploads\\\/2022\\\/03\\\/Teca.jpg\",\"datePublished\":\"2022-06-07T17:47:41+00:00\",\"dateModified\":\"2026-04-05T11:41:53+00:00\",\"description\":\"Instalaci\u00f3n y exportaci\u00f3n con stock propio. Contamos con dieciocho tipos de tarimas macizas, para que pueda escoger.\",\"breadcrumb\":{\"@id\":\"https:\\\/\\\/naturarte.eu\\\/fr\\\/produit\\\/teck\\\/#breadcrumb\"},\"inLanguage\":\"fr-FR\",\"potentialAction\":[{\"@type\":\"ReadAction\",\"target\":[\"https:\\\/\\\/naturarte.eu\\\/fr\\\/produit\\\/teck\\\/\"]}]},{\"@type\":\"ImageObject\",\"inLanguage\":\"fr-FR\",\"@id\":\"https:\\\/\\\/naturarte.eu\\\/fr\\\/produit\\\/teck\\\/#primaryimage\",\"url\":\"https:\\\/\\\/naturarte.eu\\\/wp-content\\\/uploads\\\/2022\\\/03\\\/Teca.jpg\",\"contentUrl\":\"https:\\\/\\\/naturarte.eu\\\/wp-content\\\/uploads\\\/2022\\\/03\\\/Teca.jpg\",\"width\":370,\"height\":207},{\"@type\":\"BreadcrumbList\",\"@id\":\"https:\\\/\\\/naturarte.eu\\\/fr\\\/produit\\\/teck\\\/#breadcrumb\",\"itemListElement\":[{\"@type\":\"ListItem\",\"position\":1,\"name\":\"Portada\",\"item\":\"https:\\\/\\\/naturarte.eu\\\/fr\\\/\"},{\"@type\":\"ListItem\",\"position\":2,\"name\":\"Products\",\"item\":\"https:\\\/\\\/naturarte.eu\\\/en\\\/shop\\\/\"},{\"@type\":\"ListItem\",\"position\":3,\"name\":\"Teck\"}]},{\"@type\":\"WebSite\",\"@id\":\"https:\\\/\\\/naturarte.eu\\\/#website\",\"url\":\"https:\\\/\\\/naturarte.eu\\\/\",\"name\":\"Naturarte\",\"description\":\"DESCUBRA NUESTROS PROYECTOS A TRAV\u00c9S DE NUESTRAS REDES SOCIALES\",\"publisher\":{\"@id\":\"https:\\\/\\\/naturarte.eu\\\/#organization\"},\"potentialAction\":[{\"@type\":\"SearchAction\",\"target\":{\"@type\":\"EntryPoint\",\"urlTemplate\":\"https:\\\/\\\/naturarte.eu\\\/?s={search_term_string}\"},\"query-input\":{\"@type\":\"PropertyValueSpecification\",\"valueRequired\":true,\"valueName\":\"search_term_string\"}}],\"inLanguage\":\"fr-FR\"},{\"@type\":\"Organization\",\"@id\":\"https:\\\/\\\/naturarte.eu\\\/#organization\",\"name\":\"Naturarte\",\"url\":\"https:\\\/\\\/naturarte.eu\\\/\",\"logo\":{\"@type\":\"ImageObject\",\"inLanguage\":\"fr-FR\",\"@id\":\"https:\\\/\\\/naturarte.eu\\\/#\\\/schema\\\/logo\\\/image\\\/\",\"url\":\"https:\\\/\\\/naturarte.eu\\\/wp-content\\\/uploads\\\/2022\\\/03\\\/captura-de-pantalla-2022-03-28-a-las-10.40.38.png\",\"contentUrl\":\"https:\\\/\\\/naturarte.eu\\\/wp-content\\\/uploads\\\/2022\\\/03\\\/captura-de-pantalla-2022-03-28-a-las-10.40.38.png\",\"width\":155,\"height\":98,\"caption\":\"Naturarte\"},\"image\":{\"@id\":\"https:\\\/\\\/naturarte.eu\\\/#\\\/schema\\\/logo\\\/image\\\/\"}}]}<\/script>\n<!-- \/ Yoast SEO plugin. -->","yoast_head_json":{"title":"Teck - Naturarte","description":"Instalaci\u00f3n y exportaci\u00f3n con stock propio. Contamos con dieciocho tipos de tarimas macizas, para que pueda escoger.","robots":{"index":"index","follow":"follow","max-snippet":"max-snippet:-1","max-image-preview":"max-image-preview:large","max-video-preview":"max-video-preview:-1"},"canonical":"https:\/\/naturarte.eu\/fr\/produit\/teck\/","og_locale":"fr_FR","og_type":"article","og_title":"Teck - Naturarte","og_description":"Instalaci\u00f3n y exportaci\u00f3n con stock propio. Contamos con dieciocho tipos de tarimas macizas, para que pueda escoger.","og_url":"https:\/\/naturarte.eu\/fr\/produit\/teck\/","og_site_name":"Naturarte","article_modified_time":"2026-04-05T11:41:53+00:00","og_image":[{"width":370,"height":207,"url":"https:\/\/naturarte.eu\/wp-content\/uploads\/2022\/03\/Teca.jpg","type":"image\/jpeg"}],"twitter_card":"summary_large_image","twitter_misc":{"Dur\u00e9e de lecture estim\u00e9e":"1 minute"},"schema":{"@context":"https:\/\/schema.org","@graph":[{"@type":"WebPage","@id":"https:\/\/naturarte.eu\/fr\/produit\/teck\/","url":"https:\/\/naturarte.eu\/fr\/produit\/teck\/","name":"Teck - Naturarte","isPartOf":{"@id":"https:\/\/naturarte.eu\/#website"},"primaryImageOfPage":{"@id":"https:\/\/naturarte.eu\/fr\/produit\/teck\/#primaryimage"},"image":{"@id":"https:\/\/naturarte.eu\/fr\/produit\/teck\/#primaryimage"},"thumbnailUrl":"https:\/\/naturarte.eu\/wp-content\/uploads\/2022\/03\/Teca.jpg","datePublished":"2022-06-07T17:47:41+00:00","dateModified":"2026-04-05T11:41:53+00:00","description":"Instalaci\u00f3n y exportaci\u00f3n con stock propio. Contamos con dieciocho tipos de tarimas macizas, para que pueda escoger.","breadcrumb":{"@id":"https:\/\/naturarte.eu\/fr\/produit\/teck\/#breadcrumb"},"inLanguage":"fr-FR","potentialAction":[{"@type":"ReadAction","target":["https:\/\/naturarte.eu\/fr\/produit\/teck\/"]}]},{"@type":"ImageObject","inLanguage":"fr-FR","@id":"https:\/\/naturarte.eu\/fr\/produit\/teck\/#primaryimage","url":"https:\/\/naturarte.eu\/wp-content\/uploads\/2022\/03\/Teca.jpg","contentUrl":"https:\/\/naturarte.eu\/wp-content\/uploads\/2022\/03\/Teca.jpg","width":370,"height":207},{"@type":"BreadcrumbList","@id":"https:\/\/naturarte.eu\/fr\/produit\/teck\/#breadcrumb","itemListElement":[{"@type":"ListItem","position":1,"name":"Portada","item":"https:\/\/naturarte.eu\/fr\/"},{"@type":"ListItem","position":2,"name":"Products","item":"https:\/\/naturarte.eu\/en\/shop\/"},{"@type":"ListItem","position":3,"name":"Teck"}]},{"@type":"WebSite","@id":"https:\/\/naturarte.eu\/#website","url":"https:\/\/naturarte.eu\/","name":"Naturarte","description":"DESCUBRA NUESTROS PROYECTOS A TRAV\u00c9S DE NUESTRAS REDES SOCIALES","publisher":{"@id":"https:\/\/naturarte.eu\/#organization"},"potentialAction":[{"@type":"SearchAction","target":{"@type":"EntryPoint","urlTemplate":"https:\/\/naturarte.eu\/?s={search_term_string}"},"query-input":{"@type":"PropertyValueSpecification","valueRequired":true,"valueName":"search_term_string"}}],"inLanguage":"fr-FR"},{"@type":"Organization","@id":"https:\/\/naturarte.eu\/#organization","name":"Naturarte","url":"https:\/\/naturarte.eu\/","logo":{"@type":"ImageObject","inLanguage":"fr-FR","@id":"https:\/\/naturarte.eu\/#\/schema\/logo\/image\/","url":"https:\/\/naturarte.eu\/wp-content\/uploads\/2022\/03\/captura-de-pantalla-2022-03-28-a-las-10.40.38.png","contentUrl":"https:\/\/naturarte.eu\/wp-content\/uploads\/2022\/03\/captura-de-pantalla-2022-03-28-a-las-10.40.38.png","width":155,"height":98,"caption":"Naturarte"},"image":{"@id":"https:\/\/naturarte.eu\/#\/schema\/logo\/image\/"}}]}},"jetpack_likes_enabled":false,"jetpack_sharing_enabled":true,"_links":{"self":[{"href":"https:\/\/naturarte.eu\/fr\/wp-json\/wp\/v2\/product\/1841","targetHints":{"allow":["GET"]}}],"collection":[{"href":"https:\/\/naturarte.eu\/fr\/wp-json\/wp\/v2\/product"}],"about":[{"href":"https:\/\/naturarte.eu\/fr\/wp-json\/wp\/v2\/types\/product"}],"replies":[{"embeddable":true,"href":"https:\/\/naturarte.eu\/fr\/wp-json\/wp\/v2\/comments?post=1841"}],"wp:featuredmedia":[{"embeddable":true,"href":"https:\/\/naturarte.eu\/fr\/wp-json\/wp\/v2\/media\/1842"}],"wp:attachment":[{"href":"https:\/\/naturarte.eu\/fr\/wp-json\/wp\/v2\/media?parent=1841"}],"wp:term":[{"taxonomy":"product_brand","embeddable":true,"href":"https:\/\/naturarte.eu\/fr\/wp-json\/wp\/v2\/product_brand?post=1841"},{"taxonomy":"product_cat","embeddable":true,"href":"https:\/\/naturarte.eu\/fr\/wp-json\/wp\/v2\/product_cat?post=1841"},{"taxonomy":"product_tag","embeddable":true,"href":"https:\/\/naturarte.eu\/fr\/wp-json\/wp\/v2\/product_tag?post=1841"}],"curies":[{"name":"wp","href":"https:\/\/api.w.org\/{rel}","templated":true}]}}