{"id":1888,"date":"2022-06-07T13:05:45","date_gmt":"2022-06-07T11:05:45","guid":{"rendered":"https:\/\/naturarte.eu?post_type=product&#038;p=1888"},"modified":"2026-03-05T12:58:00","modified_gmt":"2026-03-05T11:58:00","slug":"ipe","status":"publish","type":"product","link":"https:\/\/naturarte.eu\/fr\/produit\/ipe\/","title":{"rendered":"Ip\u00e9"},"content":{"rendered":"<p><strong>Caract\u00e9ristiques techniques:<\/strong> texture moyenne. Bois tr\u00e8s lourd. Grain fin \u00e0 moyen. Durabilit\u00e9 et r\u00e9sistance aux champignons, insectes et termites. Faible coefficient de saturation et haute densit\u00e9. Mouvements de dilatation et de contraction tr\u00e8s r\u00e9duits. Pas d&rsquo;odeur caract\u00e9ristique.<\/p>\n<p><strong>Utilisations:<\/strong> parfait pour les sols de jardins avec piscines, menuiseries ext\u00e9rieures et int\u00e9rieures, escaliers, bardages et moulures.<\/p>\n<p>&nbsp;<\/p>\n<p><strong>Donn\u00e9es techniques<\/strong><\/p>\n<p><strong>Arbre<\/strong><\/p>\n<p>&#8211; Hauteur : 30m<br \/>\n&#8211; Diam\u00e8tre : 0,60-1,20 m<\/p>\n<p><strong>Propri\u00e9t\u00e9s physiques<\/strong><\/p>\n<p>&#8211; Densit\u00e9 : 1 050 kg\/m3<br \/>\n&#8211; Retrait : radial 5,2 % ; tangentiel 6,5%<br \/>\n&#8211; Durabilit\u00e9 : tr\u00e8s \u00e9lev\u00e9e<\/p>\n","protected":false},"excerpt":{"rendered":"<p><strong>Nom scientifique:<\/strong> Tabebu\u00eda serratifolia spp.<\/p>\n<p>Installation et exportation. Nous avons notre propre stock.<\/p>\n<p><a href=\"https:\/\/naturarte.eulanguage\/fr\/contact\/\">Devis personnalis\u00e9<\/a><\/p>\n","protected":false},"featured_media":1889,"comment_status":"open","ping_status":"closed","template":"","meta":{"_joinchat":[]},"product_brand":[],"product_cat":[121991,121995],"product_tag":[],"class_list":{"0":"post-1888","1":"product","2":"type-product","3":"status-publish","4":"has-post-thumbnail","6":"product_cat-exterieur-solide-et-composite","7":"product_cat-solide-dinterieur","9":"first","10":"instock","11":"shipping-taxable","12":"product-type-simple"},"yoast_head":"<!-- This site is optimized with the Yoast SEO plugin v27.4 - https:\/\/yoast.com\/product\/yoast-seo-wordpress\/ -->\n<title>Ip\u00e9 - Naturarte<\/title>\n<meta name=\"description\" content=\"Instalaci\u00f3n y exportaci\u00f3n con stock propio. Contamos con dieciocho tipos de tarimas macizas, para que pueda escoger.\" \/>\n<meta name=\"robots\" content=\"index, follow, max-snippet:-1, max-image-preview:large, max-video-preview:-1\" \/>\n<link rel=\"canonical\" href=\"https:\/\/naturarte.eu\/fr\/produit\/ipe\/\" \/>\n<meta property=\"og:locale\" content=\"fr_FR\" \/>\n<meta property=\"og:type\" content=\"article\" \/>\n<meta property=\"og:title\" content=\"Ip\u00e9 - Naturarte\" \/>\n<meta property=\"og:description\" content=\"Instalaci\u00f3n y exportaci\u00f3n con stock propio. Contamos con dieciocho tipos de tarimas macizas, para que pueda escoger.\" \/>\n<meta property=\"og:url\" content=\"https:\/\/naturarte.eu\/fr\/produit\/ipe\/\" \/>\n<meta property=\"og:site_name\" content=\"Naturarte\" \/>\n<meta property=\"article:modified_time\" content=\"2026-03-05T11:58:00+00:00\" \/>\n<meta property=\"og:image\" content=\"https:\/\/naturarte.eu\/wp-content\/uploads\/2022\/03\/Ipe1-1.jpg\" \/>\n\t<meta property=\"og:image:width\" content=\"370\" \/>\n\t<meta property=\"og:image:height\" content=\"207\" \/>\n\t<meta property=\"og:image:type\" content=\"image\/jpeg\" \/>\n<meta name=\"twitter:card\" content=\"summary_large_image\" \/>\n<meta name=\"twitter:label1\" content=\"Dur\u00e9e de lecture estim\u00e9e\" \/>\n\t<meta name=\"twitter:data1\" content=\"1 minute\" \/>\n<script type=\"application\/ld+json\" class=\"yoast-schema-graph\">{\"@context\":\"https:\\\/\\\/schema.org\",\"@graph\":[{\"@type\":\"WebPage\",\"@id\":\"https:\\\/\\\/naturarte.eu\\\/fr\\\/produit\\\/ipe\\\/\",\"url\":\"https:\\\/\\\/naturarte.eu\\\/fr\\\/produit\\\/ipe\\\/\",\"name\":\"Ip\u00e9 - Naturarte\",\"isPartOf\":{\"@id\":\"https:\\\/\\\/naturarte.eu\\\/#website\"},\"primaryImageOfPage\":{\"@id\":\"https:\\\/\\\/naturarte.eu\\\/fr\\\/produit\\\/ipe\\\/#primaryimage\"},\"image\":{\"@id\":\"https:\\\/\\\/naturarte.eu\\\/fr\\\/produit\\\/ipe\\\/#primaryimage\"},\"thumbnailUrl\":\"https:\\\/\\\/naturarte.eu\\\/wp-content\\\/uploads\\\/2022\\\/03\\\/Ipe1-1.jpg\",\"datePublished\":\"2022-06-07T11:05:45+00:00\",\"dateModified\":\"2026-03-05T11:58:00+00:00\",\"description\":\"Instalaci\u00f3n y exportaci\u00f3n con stock propio. Contamos con dieciocho tipos de tarimas macizas, para que pueda escoger.\",\"breadcrumb\":{\"@id\":\"https:\\\/\\\/naturarte.eu\\\/fr\\\/produit\\\/ipe\\\/#breadcrumb\"},\"inLanguage\":\"fr-FR\",\"potentialAction\":[{\"@type\":\"ReadAction\",\"target\":[\"https:\\\/\\\/naturarte.eu\\\/fr\\\/produit\\\/ipe\\\/\"]}]},{\"@type\":\"ImageObject\",\"inLanguage\":\"fr-FR\",\"@id\":\"https:\\\/\\\/naturarte.eu\\\/fr\\\/produit\\\/ipe\\\/#primaryimage\",\"url\":\"https:\\\/\\\/naturarte.eu\\\/wp-content\\\/uploads\\\/2022\\\/03\\\/Ipe1-1.jpg\",\"contentUrl\":\"https:\\\/\\\/naturarte.eu\\\/wp-content\\\/uploads\\\/2022\\\/03\\\/Ipe1-1.jpg\",\"width\":370,\"height\":207},{\"@type\":\"BreadcrumbList\",\"@id\":\"https:\\\/\\\/naturarte.eu\\\/fr\\\/produit\\\/ipe\\\/#breadcrumb\",\"itemListElement\":[{\"@type\":\"ListItem\",\"position\":1,\"name\":\"Portada\",\"item\":\"https:\\\/\\\/naturarte.eu\\\/fr\\\/\"},{\"@type\":\"ListItem\",\"position\":2,\"name\":\"Products\",\"item\":\"https:\\\/\\\/naturarte.eu\\\/en\\\/shop\\\/\"},{\"@type\":\"ListItem\",\"position\":3,\"name\":\"Ip\u00e9\"}]},{\"@type\":\"WebSite\",\"@id\":\"https:\\\/\\\/naturarte.eu\\\/#website\",\"url\":\"https:\\\/\\\/naturarte.eu\\\/\",\"name\":\"Naturarte\",\"description\":\"DESCUBRA NUESTROS PROYECTOS A TRAV\u00c9S DE NUESTRAS REDES SOCIALES\",\"publisher\":{\"@id\":\"https:\\\/\\\/naturarte.eu\\\/#organization\"},\"potentialAction\":[{\"@type\":\"SearchAction\",\"target\":{\"@type\":\"EntryPoint\",\"urlTemplate\":\"https:\\\/\\\/naturarte.eu\\\/?s={search_term_string}\"},\"query-input\":{\"@type\":\"PropertyValueSpecification\",\"valueRequired\":true,\"valueName\":\"search_term_string\"}}],\"inLanguage\":\"fr-FR\"},{\"@type\":\"Organization\",\"@id\":\"https:\\\/\\\/naturarte.eu\\\/#organization\",\"name\":\"Naturarte\",\"url\":\"https:\\\/\\\/naturarte.eu\\\/\",\"logo\":{\"@type\":\"ImageObject\",\"inLanguage\":\"fr-FR\",\"@id\":\"https:\\\/\\\/naturarte.eu\\\/#\\\/schema\\\/logo\\\/image\\\/\",\"url\":\"https:\\\/\\\/naturarte.eu\\\/wp-content\\\/uploads\\\/2022\\\/03\\\/captura-de-pantalla-2022-03-28-a-las-10.40.38.png\",\"contentUrl\":\"https:\\\/\\\/naturarte.eu\\\/wp-content\\\/uploads\\\/2022\\\/03\\\/captura-de-pantalla-2022-03-28-a-las-10.40.38.png\",\"width\":155,\"height\":98,\"caption\":\"Naturarte\"},\"image\":{\"@id\":\"https:\\\/\\\/naturarte.eu\\\/#\\\/schema\\\/logo\\\/image\\\/\"}}]}<\/script>\n<!-- \/ Yoast SEO plugin. -->","yoast_head_json":{"title":"Ip\u00e9 - Naturarte","description":"Instalaci\u00f3n y exportaci\u00f3n con stock propio. Contamos con dieciocho tipos de tarimas macizas, para que pueda escoger.","robots":{"index":"index","follow":"follow","max-snippet":"max-snippet:-1","max-image-preview":"max-image-preview:large","max-video-preview":"max-video-preview:-1"},"canonical":"https:\/\/naturarte.eu\/fr\/produit\/ipe\/","og_locale":"fr_FR","og_type":"article","og_title":"Ip\u00e9 - Naturarte","og_description":"Instalaci\u00f3n y exportaci\u00f3n con stock propio. Contamos con dieciocho tipos de tarimas macizas, para que pueda escoger.","og_url":"https:\/\/naturarte.eu\/fr\/produit\/ipe\/","og_site_name":"Naturarte","article_modified_time":"2026-03-05T11:58:00+00:00","og_image":[{"width":370,"height":207,"url":"https:\/\/naturarte.eu\/wp-content\/uploads\/2022\/03\/Ipe1-1.jpg","type":"image\/jpeg"}],"twitter_card":"summary_large_image","twitter_misc":{"Dur\u00e9e de lecture estim\u00e9e":"1 minute"},"schema":{"@context":"https:\/\/schema.org","@graph":[{"@type":"WebPage","@id":"https:\/\/naturarte.eu\/fr\/produit\/ipe\/","url":"https:\/\/naturarte.eu\/fr\/produit\/ipe\/","name":"Ip\u00e9 - Naturarte","isPartOf":{"@id":"https:\/\/naturarte.eu\/#website"},"primaryImageOfPage":{"@id":"https:\/\/naturarte.eu\/fr\/produit\/ipe\/#primaryimage"},"image":{"@id":"https:\/\/naturarte.eu\/fr\/produit\/ipe\/#primaryimage"},"thumbnailUrl":"https:\/\/naturarte.eu\/wp-content\/uploads\/2022\/03\/Ipe1-1.jpg","datePublished":"2022-06-07T11:05:45+00:00","dateModified":"2026-03-05T11:58:00+00:00","description":"Instalaci\u00f3n y exportaci\u00f3n con stock propio. Contamos con dieciocho tipos de tarimas macizas, para que pueda escoger.","breadcrumb":{"@id":"https:\/\/naturarte.eu\/fr\/produit\/ipe\/#breadcrumb"},"inLanguage":"fr-FR","potentialAction":[{"@type":"ReadAction","target":["https:\/\/naturarte.eu\/fr\/produit\/ipe\/"]}]},{"@type":"ImageObject","inLanguage":"fr-FR","@id":"https:\/\/naturarte.eu\/fr\/produit\/ipe\/#primaryimage","url":"https:\/\/naturarte.eu\/wp-content\/uploads\/2022\/03\/Ipe1-1.jpg","contentUrl":"https:\/\/naturarte.eu\/wp-content\/uploads\/2022\/03\/Ipe1-1.jpg","width":370,"height":207},{"@type":"BreadcrumbList","@id":"https:\/\/naturarte.eu\/fr\/produit\/ipe\/#breadcrumb","itemListElement":[{"@type":"ListItem","position":1,"name":"Portada","item":"https:\/\/naturarte.eu\/fr\/"},{"@type":"ListItem","position":2,"name":"Products","item":"https:\/\/naturarte.eu\/en\/shop\/"},{"@type":"ListItem","position":3,"name":"Ip\u00e9"}]},{"@type":"WebSite","@id":"https:\/\/naturarte.eu\/#website","url":"https:\/\/naturarte.eu\/","name":"Naturarte","description":"DESCUBRA NUESTROS PROYECTOS A TRAV\u00c9S DE NUESTRAS REDES SOCIALES","publisher":{"@id":"https:\/\/naturarte.eu\/#organization"},"potentialAction":[{"@type":"SearchAction","target":{"@type":"EntryPoint","urlTemplate":"https:\/\/naturarte.eu\/?s={search_term_string}"},"query-input":{"@type":"PropertyValueSpecification","valueRequired":true,"valueName":"search_term_string"}}],"inLanguage":"fr-FR"},{"@type":"Organization","@id":"https:\/\/naturarte.eu\/#organization","name":"Naturarte","url":"https:\/\/naturarte.eu\/","logo":{"@type":"ImageObject","inLanguage":"fr-FR","@id":"https:\/\/naturarte.eu\/#\/schema\/logo\/image\/","url":"https:\/\/naturarte.eu\/wp-content\/uploads\/2022\/03\/captura-de-pantalla-2022-03-28-a-las-10.40.38.png","contentUrl":"https:\/\/naturarte.eu\/wp-content\/uploads\/2022\/03\/captura-de-pantalla-2022-03-28-a-las-10.40.38.png","width":155,"height":98,"caption":"Naturarte"},"image":{"@id":"https:\/\/naturarte.eu\/#\/schema\/logo\/image\/"}}]}},"jetpack_likes_enabled":false,"jetpack_sharing_enabled":true,"_links":{"self":[{"href":"https:\/\/naturarte.eu\/fr\/wp-json\/wp\/v2\/product\/1888","targetHints":{"allow":["GET"]}}],"collection":[{"href":"https:\/\/naturarte.eu\/fr\/wp-json\/wp\/v2\/product"}],"about":[{"href":"https:\/\/naturarte.eu\/fr\/wp-json\/wp\/v2\/types\/product"}],"replies":[{"embeddable":true,"href":"https:\/\/naturarte.eu\/fr\/wp-json\/wp\/v2\/comments?post=1888"}],"wp:featuredmedia":[{"embeddable":true,"href":"https:\/\/naturarte.eu\/fr\/wp-json\/wp\/v2\/media\/1889"}],"wp:attachment":[{"href":"https:\/\/naturarte.eu\/fr\/wp-json\/wp\/v2\/media?parent=1888"}],"wp:term":[{"taxonomy":"product_brand","embeddable":true,"href":"https:\/\/naturarte.eu\/fr\/wp-json\/wp\/v2\/product_brand?post=1888"},{"taxonomy":"product_cat","embeddable":true,"href":"https:\/\/naturarte.eu\/fr\/wp-json\/wp\/v2\/product_cat?post=1888"},{"taxonomy":"product_tag","embeddable":true,"href":"https:\/\/naturarte.eu\/fr\/wp-json\/wp\/v2\/product_tag?post=1888"}],"curies":[{"name":"wp","href":"https:\/\/api.w.org\/{rel}","templated":true}]}}