{"id":1905,"date":"2022-06-07T12:41:45","date_gmt":"2022-06-07T10:41:45","guid":{"rendered":"https:\/\/naturarte.eu?post_type=product&#038;p=1905"},"modified":"2026-03-05T12:58:01","modified_gmt":"2026-03-05T11:58:01","slug":"doussie","status":"publish","type":"product","link":"https:\/\/naturarte.eu\/fr\/produit\/doussie\/","title":{"rendered":"Doussi\u00e9"},"content":{"rendered":"<p><strong>Caract\u00e9ristiques techniques:<\/strong> bois \u00e0 fil droit, \u00e0 grain moyen \u00e0 fin, sans n\u0153uds et lourd. Il est extr\u00eamement difficile \u00e0 travailler. Longue dur\u00e9e de vie, tr\u00e8s stable et tr\u00e8s r\u00e9sistant aux attaques de champignons et d&rsquo;insectes.<\/p>\n<p><strong>Utilisations:<\/strong> dans l&rsquo;industrie de la construction navale en raison de sa grande duret\u00e9 et de sa r\u00e9sistance et pour les meubles, portes, fen\u00eatres et escaliers de haute qualit\u00e9.<\/p>\n<p>&nbsp;<\/p>\n<p><strong>Donn\u00e9es techniques<\/strong><\/p>\n<p><strong>Arbre<\/strong><\/p>\n<p>&#8211; Hauteur : 30m<br \/>\n&#8211; Diam\u00e8tre : 1,20 m<\/p>\n<p><strong>Propri\u00e9t\u00e9s physiques<\/strong><\/p>\n<p>&#8211; Densit\u00e9 : 790 kg\/m3<br \/>\n&#8211; Retrait : radiale 2% ; tangentiel 3%<br \/>\n&#8211; Durabilit\u00e9 : tr\u00e8s \u00e9lev\u00e9e<\/p>\n","protected":false},"excerpt":{"rendered":"<p><strong>Nom scientifique:<\/strong> Afzelia.<\/p>\n<p>Installation et exportation. Nous avons notre propre stock.<\/p>\n<p><a href=\"https:\/\/naturarte.eulanguage\/fr\/contact\/\">Devis personnalis\u00e9<\/a><\/p>\n","protected":false},"featured_media":1906,"comment_status":"open","ping_status":"closed","template":"","meta":{"_joinchat":[]},"product_brand":[],"product_cat":[121995],"product_tag":[],"class_list":{"0":"post-1905","1":"product","2":"type-product","3":"status-publish","4":"has-post-thumbnail","6":"product_cat-solide-dinterieur","8":"first","9":"instock","10":"shipping-taxable","11":"product-type-simple"},"yoast_head":"<!-- This site is optimized with the Yoast SEO plugin v27.4 - https:\/\/yoast.com\/product\/yoast-seo-wordpress\/ -->\n<title>Doussi\u00e9 - Naturarte<\/title>\n<meta name=\"description\" content=\"Instalaci\u00f3n y exportaci\u00f3n con stock propio. Contamos con dieciocho tipos de tarimas macizas, para que pueda escoger.\" \/>\n<meta name=\"robots\" content=\"index, follow, max-snippet:-1, max-image-preview:large, max-video-preview:-1\" \/>\n<link rel=\"canonical\" href=\"https:\/\/naturarte.eu\/fr\/produit\/doussie\/\" \/>\n<meta property=\"og:locale\" content=\"fr_FR\" \/>\n<meta property=\"og:type\" content=\"article\" \/>\n<meta property=\"og:title\" content=\"Doussi\u00e9 - Naturarte\" \/>\n<meta property=\"og:description\" content=\"Instalaci\u00f3n y exportaci\u00f3n con stock propio. Contamos con dieciocho tipos de tarimas macizas, para que pueda escoger.\" \/>\n<meta property=\"og:url\" content=\"https:\/\/naturarte.eu\/fr\/produit\/doussie\/\" \/>\n<meta property=\"og:site_name\" content=\"Naturarte\" \/>\n<meta property=\"article:modified_time\" content=\"2026-03-05T11:58:01+00:00\" \/>\n<meta property=\"og:image\" content=\"https:\/\/naturarte.eu\/wp-content\/uploads\/2022\/03\/Doussie1-1.jpg\" \/>\n\t<meta property=\"og:image:width\" content=\"370\" \/>\n\t<meta property=\"og:image:height\" content=\"207\" \/>\n\t<meta property=\"og:image:type\" content=\"image\/jpeg\" \/>\n<meta name=\"twitter:card\" content=\"summary_large_image\" \/>\n<meta name=\"twitter:label1\" content=\"Dur\u00e9e de lecture estim\u00e9e\" \/>\n\t<meta name=\"twitter:data1\" content=\"1 minute\" \/>\n<script type=\"application\/ld+json\" class=\"yoast-schema-graph\">{\"@context\":\"https:\\\/\\\/schema.org\",\"@graph\":[{\"@type\":\"WebPage\",\"@id\":\"https:\\\/\\\/naturarte.eu\\\/fr\\\/produit\\\/doussie\\\/\",\"url\":\"https:\\\/\\\/naturarte.eu\\\/fr\\\/produit\\\/doussie\\\/\",\"name\":\"Doussi\u00e9 - Naturarte\",\"isPartOf\":{\"@id\":\"https:\\\/\\\/naturarte.eu\\\/#website\"},\"primaryImageOfPage\":{\"@id\":\"https:\\\/\\\/naturarte.eu\\\/fr\\\/produit\\\/doussie\\\/#primaryimage\"},\"image\":{\"@id\":\"https:\\\/\\\/naturarte.eu\\\/fr\\\/produit\\\/doussie\\\/#primaryimage\"},\"thumbnailUrl\":\"https:\\\/\\\/naturarte.eu\\\/wp-content\\\/uploads\\\/2022\\\/03\\\/Doussie1-1.jpg\",\"datePublished\":\"2022-06-07T10:41:45+00:00\",\"dateModified\":\"2026-03-05T11:58:01+00:00\",\"description\":\"Instalaci\u00f3n y exportaci\u00f3n con stock propio. Contamos con dieciocho tipos de tarimas macizas, para que pueda escoger.\",\"breadcrumb\":{\"@id\":\"https:\\\/\\\/naturarte.eu\\\/fr\\\/produit\\\/doussie\\\/#breadcrumb\"},\"inLanguage\":\"fr-FR\",\"potentialAction\":[{\"@type\":\"ReadAction\",\"target\":[\"https:\\\/\\\/naturarte.eu\\\/fr\\\/produit\\\/doussie\\\/\"]}]},{\"@type\":\"ImageObject\",\"inLanguage\":\"fr-FR\",\"@id\":\"https:\\\/\\\/naturarte.eu\\\/fr\\\/produit\\\/doussie\\\/#primaryimage\",\"url\":\"https:\\\/\\\/naturarte.eu\\\/wp-content\\\/uploads\\\/2022\\\/03\\\/Doussie1-1.jpg\",\"contentUrl\":\"https:\\\/\\\/naturarte.eu\\\/wp-content\\\/uploads\\\/2022\\\/03\\\/Doussie1-1.jpg\",\"width\":370,\"height\":207},{\"@type\":\"BreadcrumbList\",\"@id\":\"https:\\\/\\\/naturarte.eu\\\/fr\\\/produit\\\/doussie\\\/#breadcrumb\",\"itemListElement\":[{\"@type\":\"ListItem\",\"position\":1,\"name\":\"Portada\",\"item\":\"https:\\\/\\\/naturarte.eu\\\/fr\\\/\"},{\"@type\":\"ListItem\",\"position\":2,\"name\":\"Products\",\"item\":\"https:\\\/\\\/naturarte.eu\\\/en\\\/shop\\\/\"},{\"@type\":\"ListItem\",\"position\":3,\"name\":\"Doussi\u00e9\"}]},{\"@type\":\"WebSite\",\"@id\":\"https:\\\/\\\/naturarte.eu\\\/#website\",\"url\":\"https:\\\/\\\/naturarte.eu\\\/\",\"name\":\"Naturarte\",\"description\":\"DESCUBRA NUESTROS PROYECTOS A TRAV\u00c9S DE NUESTRAS REDES SOCIALES\",\"publisher\":{\"@id\":\"https:\\\/\\\/naturarte.eu\\\/#organization\"},\"potentialAction\":[{\"@type\":\"SearchAction\",\"target\":{\"@type\":\"EntryPoint\",\"urlTemplate\":\"https:\\\/\\\/naturarte.eu\\\/?s={search_term_string}\"},\"query-input\":{\"@type\":\"PropertyValueSpecification\",\"valueRequired\":true,\"valueName\":\"search_term_string\"}}],\"inLanguage\":\"fr-FR\"},{\"@type\":\"Organization\",\"@id\":\"https:\\\/\\\/naturarte.eu\\\/#organization\",\"name\":\"Naturarte\",\"url\":\"https:\\\/\\\/naturarte.eu\\\/\",\"logo\":{\"@type\":\"ImageObject\",\"inLanguage\":\"fr-FR\",\"@id\":\"https:\\\/\\\/naturarte.eu\\\/#\\\/schema\\\/logo\\\/image\\\/\",\"url\":\"https:\\\/\\\/naturarte.eu\\\/wp-content\\\/uploads\\\/2022\\\/03\\\/captura-de-pantalla-2022-03-28-a-las-10.40.38.png\",\"contentUrl\":\"https:\\\/\\\/naturarte.eu\\\/wp-content\\\/uploads\\\/2022\\\/03\\\/captura-de-pantalla-2022-03-28-a-las-10.40.38.png\",\"width\":155,\"height\":98,\"caption\":\"Naturarte\"},\"image\":{\"@id\":\"https:\\\/\\\/naturarte.eu\\\/#\\\/schema\\\/logo\\\/image\\\/\"}}]}<\/script>\n<!-- \/ Yoast SEO plugin. -->","yoast_head_json":{"title":"Doussi\u00e9 - Naturarte","description":"Instalaci\u00f3n y exportaci\u00f3n con stock propio. Contamos con dieciocho tipos de tarimas macizas, para que pueda escoger.","robots":{"index":"index","follow":"follow","max-snippet":"max-snippet:-1","max-image-preview":"max-image-preview:large","max-video-preview":"max-video-preview:-1"},"canonical":"https:\/\/naturarte.eu\/fr\/produit\/doussie\/","og_locale":"fr_FR","og_type":"article","og_title":"Doussi\u00e9 - Naturarte","og_description":"Instalaci\u00f3n y exportaci\u00f3n con stock propio. Contamos con dieciocho tipos de tarimas macizas, para que pueda escoger.","og_url":"https:\/\/naturarte.eu\/fr\/produit\/doussie\/","og_site_name":"Naturarte","article_modified_time":"2026-03-05T11:58:01+00:00","og_image":[{"width":370,"height":207,"url":"https:\/\/naturarte.eu\/wp-content\/uploads\/2022\/03\/Doussie1-1.jpg","type":"image\/jpeg"}],"twitter_card":"summary_large_image","twitter_misc":{"Dur\u00e9e de lecture estim\u00e9e":"1 minute"},"schema":{"@context":"https:\/\/schema.org","@graph":[{"@type":"WebPage","@id":"https:\/\/naturarte.eu\/fr\/produit\/doussie\/","url":"https:\/\/naturarte.eu\/fr\/produit\/doussie\/","name":"Doussi\u00e9 - Naturarte","isPartOf":{"@id":"https:\/\/naturarte.eu\/#website"},"primaryImageOfPage":{"@id":"https:\/\/naturarte.eu\/fr\/produit\/doussie\/#primaryimage"},"image":{"@id":"https:\/\/naturarte.eu\/fr\/produit\/doussie\/#primaryimage"},"thumbnailUrl":"https:\/\/naturarte.eu\/wp-content\/uploads\/2022\/03\/Doussie1-1.jpg","datePublished":"2022-06-07T10:41:45+00:00","dateModified":"2026-03-05T11:58:01+00:00","description":"Instalaci\u00f3n y exportaci\u00f3n con stock propio. Contamos con dieciocho tipos de tarimas macizas, para que pueda escoger.","breadcrumb":{"@id":"https:\/\/naturarte.eu\/fr\/produit\/doussie\/#breadcrumb"},"inLanguage":"fr-FR","potentialAction":[{"@type":"ReadAction","target":["https:\/\/naturarte.eu\/fr\/produit\/doussie\/"]}]},{"@type":"ImageObject","inLanguage":"fr-FR","@id":"https:\/\/naturarte.eu\/fr\/produit\/doussie\/#primaryimage","url":"https:\/\/naturarte.eu\/wp-content\/uploads\/2022\/03\/Doussie1-1.jpg","contentUrl":"https:\/\/naturarte.eu\/wp-content\/uploads\/2022\/03\/Doussie1-1.jpg","width":370,"height":207},{"@type":"BreadcrumbList","@id":"https:\/\/naturarte.eu\/fr\/produit\/doussie\/#breadcrumb","itemListElement":[{"@type":"ListItem","position":1,"name":"Portada","item":"https:\/\/naturarte.eu\/fr\/"},{"@type":"ListItem","position":2,"name":"Products","item":"https:\/\/naturarte.eu\/en\/shop\/"},{"@type":"ListItem","position":3,"name":"Doussi\u00e9"}]},{"@type":"WebSite","@id":"https:\/\/naturarte.eu\/#website","url":"https:\/\/naturarte.eu\/","name":"Naturarte","description":"DESCUBRA NUESTROS PROYECTOS A TRAV\u00c9S DE NUESTRAS REDES SOCIALES","publisher":{"@id":"https:\/\/naturarte.eu\/#organization"},"potentialAction":[{"@type":"SearchAction","target":{"@type":"EntryPoint","urlTemplate":"https:\/\/naturarte.eu\/?s={search_term_string}"},"query-input":{"@type":"PropertyValueSpecification","valueRequired":true,"valueName":"search_term_string"}}],"inLanguage":"fr-FR"},{"@type":"Organization","@id":"https:\/\/naturarte.eu\/#organization","name":"Naturarte","url":"https:\/\/naturarte.eu\/","logo":{"@type":"ImageObject","inLanguage":"fr-FR","@id":"https:\/\/naturarte.eu\/#\/schema\/logo\/image\/","url":"https:\/\/naturarte.eu\/wp-content\/uploads\/2022\/03\/captura-de-pantalla-2022-03-28-a-las-10.40.38.png","contentUrl":"https:\/\/naturarte.eu\/wp-content\/uploads\/2022\/03\/captura-de-pantalla-2022-03-28-a-las-10.40.38.png","width":155,"height":98,"caption":"Naturarte"},"image":{"@id":"https:\/\/naturarte.eu\/#\/schema\/logo\/image\/"}}]}},"jetpack_likes_enabled":false,"jetpack_sharing_enabled":true,"_links":{"self":[{"href":"https:\/\/naturarte.eu\/fr\/wp-json\/wp\/v2\/product\/1905","targetHints":{"allow":["GET"]}}],"collection":[{"href":"https:\/\/naturarte.eu\/fr\/wp-json\/wp\/v2\/product"}],"about":[{"href":"https:\/\/naturarte.eu\/fr\/wp-json\/wp\/v2\/types\/product"}],"replies":[{"embeddable":true,"href":"https:\/\/naturarte.eu\/fr\/wp-json\/wp\/v2\/comments?post=1905"}],"wp:featuredmedia":[{"embeddable":true,"href":"https:\/\/naturarte.eu\/fr\/wp-json\/wp\/v2\/media\/1906"}],"wp:attachment":[{"href":"https:\/\/naturarte.eu\/fr\/wp-json\/wp\/v2\/media?parent=1905"}],"wp:term":[{"taxonomy":"product_brand","embeddable":true,"href":"https:\/\/naturarte.eu\/fr\/wp-json\/wp\/v2\/product_brand?post=1905"},{"taxonomy":"product_cat","embeddable":true,"href":"https:\/\/naturarte.eu\/fr\/wp-json\/wp\/v2\/product_cat?post=1905"},{"taxonomy":"product_tag","embeddable":true,"href":"https:\/\/naturarte.eu\/fr\/wp-json\/wp\/v2\/product_tag?post=1905"}],"curies":[{"name":"wp","href":"https:\/\/api.w.org\/{rel}","templated":true}]}}