{"id":1914,"date":"2022-06-07T12:34:43","date_gmt":"2022-06-07T10:34:43","guid":{"rendered":"https:\/\/naturarte.eu?post_type=product&#038;p=1914"},"modified":"2026-03-05T12:58:01","modified_gmt":"2026-03-05T11:58:01","slug":"curuguay","status":"publish","type":"product","link":"https:\/\/naturarte.eu\/fr\/produit\/curuguay\/","title":{"rendered":"Curuguay"},"content":{"rendered":"<p><strong>Caract\u00e9ristiques techniques:<\/strong> texture moyenne. Bois dur, lourd et r\u00e9sistant. bonne stabilit\u00e9 Il est permis de travailler sans difficult\u00e9. R\u00e9sistant \u00e0 l&rsquo;usure. Tige cylindrique entre 6 et 12 m\u00e8tres. Pas d&rsquo;odeur caract\u00e9ristique.<\/p>\n<p><strong>Utilisations:<\/strong> l&rsquo;\u00e9corce est utilis\u00e9e dans l&rsquo;industrie du tanin. Eb\u00e9nisterie g\u00e9n\u00e9rale. Excellent pour tous les types de sols en raison de sa r\u00e9sistance \u00e0 l&rsquo;usure.<\/p>\n<p>&nbsp;<\/p>\n<p><strong>Donn\u00e9es techniques<\/strong><\/p>\n<p><strong>Arbre<\/strong><\/p>\n<p>&#8211; Hauteur : 18-25m<br \/>\n&#8211; Diam\u00e8tre : 0,40-1,00 m<\/p>\n<p><strong>Propri\u00e9t\u00e9s physiques<\/strong><\/p>\n<p>&#8211; Densit\u00e9 : 860 kg\/m3<br \/>\n&#8211; Retrait : radial 1,3 % ; tangentiel 3,2%<br \/>\n&#8211; Durabilit\u00e9 : \u00e9lev\u00e9e<\/p>\n","protected":false},"excerpt":{"rendered":"<p><strong>Nom scientifique:<\/strong> Copaifera langsdorfii.<\/p>\n<p>Installation et exportation. Nous avons notre propre stock.<\/p>\n<p><a href=\"https:\/\/naturarte.eulanguage\/fr\/contact\/\">Devis personnalis\u00e9<\/a><\/p>\n","protected":false},"featured_media":1915,"comment_status":"open","ping_status":"closed","template":"","meta":{"_joinchat":[]},"product_brand":[],"product_cat":[121995],"product_tag":[],"class_list":{"0":"post-1914","1":"product","2":"type-product","3":"status-publish","4":"has-post-thumbnail","6":"product_cat-solide-dinterieur","8":"first","9":"instock","10":"shipping-taxable","11":"product-type-simple"},"yoast_head":"<!-- This site is optimized with the Yoast SEO plugin v27.4 - https:\/\/yoast.com\/product\/yoast-seo-wordpress\/ -->\n<title>Curuguay - Naturarte<\/title>\n<meta name=\"description\" content=\"nstalaci\u00f3n y exportaci\u00f3n con stock propio. Contamos con dieciocho tipos de tarimas macizas, para que pueda escoger.\" \/>\n<meta name=\"robots\" content=\"index, follow, max-snippet:-1, max-image-preview:large, max-video-preview:-1\" \/>\n<link rel=\"canonical\" href=\"https:\/\/naturarte.eu\/fr\/produit\/curuguay\/\" \/>\n<meta property=\"og:locale\" content=\"fr_FR\" \/>\n<meta property=\"og:type\" content=\"article\" \/>\n<meta property=\"og:title\" content=\"Curuguay - Naturarte\" \/>\n<meta property=\"og:description\" content=\"nstalaci\u00f3n y exportaci\u00f3n con stock propio. Contamos con dieciocho tipos de tarimas macizas, para que pueda escoger.\" \/>\n<meta property=\"og:url\" content=\"https:\/\/naturarte.eu\/fr\/produit\/curuguay\/\" \/>\n<meta property=\"og:site_name\" content=\"Naturarte\" \/>\n<meta property=\"article:modified_time\" content=\"2026-03-05T11:58:01+00:00\" \/>\n<meta property=\"og:image\" content=\"https:\/\/naturarte.eu\/wp-content\/uploads\/2022\/03\/curuguay.jpg\" \/>\n\t<meta property=\"og:image:width\" content=\"370\" \/>\n\t<meta property=\"og:image:height\" content=\"207\" \/>\n\t<meta property=\"og:image:type\" content=\"image\/jpeg\" \/>\n<meta name=\"twitter:card\" content=\"summary_large_image\" \/>\n<meta name=\"twitter:label1\" content=\"Dur\u00e9e de lecture estim\u00e9e\" \/>\n\t<meta name=\"twitter:data1\" content=\"1 minute\" \/>\n<script type=\"application\/ld+json\" class=\"yoast-schema-graph\">{\"@context\":\"https:\\\/\\\/schema.org\",\"@graph\":[{\"@type\":\"WebPage\",\"@id\":\"https:\\\/\\\/naturarte.eu\\\/fr\\\/produit\\\/curuguay\\\/\",\"url\":\"https:\\\/\\\/naturarte.eu\\\/fr\\\/produit\\\/curuguay\\\/\",\"name\":\"Curuguay - Naturarte\",\"isPartOf\":{\"@id\":\"https:\\\/\\\/naturarte.eu\\\/#website\"},\"primaryImageOfPage\":{\"@id\":\"https:\\\/\\\/naturarte.eu\\\/fr\\\/produit\\\/curuguay\\\/#primaryimage\"},\"image\":{\"@id\":\"https:\\\/\\\/naturarte.eu\\\/fr\\\/produit\\\/curuguay\\\/#primaryimage\"},\"thumbnailUrl\":\"https:\\\/\\\/naturarte.eu\\\/wp-content\\\/uploads\\\/2022\\\/03\\\/curuguay.jpg\",\"datePublished\":\"2022-06-07T10:34:43+00:00\",\"dateModified\":\"2026-03-05T11:58:01+00:00\",\"description\":\"nstalaci\u00f3n y exportaci\u00f3n con stock propio. Contamos con dieciocho tipos de tarimas macizas, para que pueda escoger.\",\"breadcrumb\":{\"@id\":\"https:\\\/\\\/naturarte.eu\\\/fr\\\/produit\\\/curuguay\\\/#breadcrumb\"},\"inLanguage\":\"fr-FR\",\"potentialAction\":[{\"@type\":\"ReadAction\",\"target\":[\"https:\\\/\\\/naturarte.eu\\\/fr\\\/produit\\\/curuguay\\\/\"]}]},{\"@type\":\"ImageObject\",\"inLanguage\":\"fr-FR\",\"@id\":\"https:\\\/\\\/naturarte.eu\\\/fr\\\/produit\\\/curuguay\\\/#primaryimage\",\"url\":\"https:\\\/\\\/naturarte.eu\\\/wp-content\\\/uploads\\\/2022\\\/03\\\/curuguay.jpg\",\"contentUrl\":\"https:\\\/\\\/naturarte.eu\\\/wp-content\\\/uploads\\\/2022\\\/03\\\/curuguay.jpg\",\"width\":370,\"height\":207},{\"@type\":\"BreadcrumbList\",\"@id\":\"https:\\\/\\\/naturarte.eu\\\/fr\\\/produit\\\/curuguay\\\/#breadcrumb\",\"itemListElement\":[{\"@type\":\"ListItem\",\"position\":1,\"name\":\"Portada\",\"item\":\"https:\\\/\\\/naturarte.eu\\\/fr\\\/\"},{\"@type\":\"ListItem\",\"position\":2,\"name\":\"Products\",\"item\":\"https:\\\/\\\/naturarte.eu\\\/en\\\/shop\\\/\"},{\"@type\":\"ListItem\",\"position\":3,\"name\":\"Curuguay\"}]},{\"@type\":\"WebSite\",\"@id\":\"https:\\\/\\\/naturarte.eu\\\/#website\",\"url\":\"https:\\\/\\\/naturarte.eu\\\/\",\"name\":\"Naturarte\",\"description\":\"DESCUBRA NUESTROS PROYECTOS A TRAV\u00c9S DE NUESTRAS REDES SOCIALES\",\"publisher\":{\"@id\":\"https:\\\/\\\/naturarte.eu\\\/#organization\"},\"potentialAction\":[{\"@type\":\"SearchAction\",\"target\":{\"@type\":\"EntryPoint\",\"urlTemplate\":\"https:\\\/\\\/naturarte.eu\\\/?s={search_term_string}\"},\"query-input\":{\"@type\":\"PropertyValueSpecification\",\"valueRequired\":true,\"valueName\":\"search_term_string\"}}],\"inLanguage\":\"fr-FR\"},{\"@type\":\"Organization\",\"@id\":\"https:\\\/\\\/naturarte.eu\\\/#organization\",\"name\":\"Naturarte\",\"url\":\"https:\\\/\\\/naturarte.eu\\\/\",\"logo\":{\"@type\":\"ImageObject\",\"inLanguage\":\"fr-FR\",\"@id\":\"https:\\\/\\\/naturarte.eu\\\/#\\\/schema\\\/logo\\\/image\\\/\",\"url\":\"https:\\\/\\\/naturarte.eu\\\/wp-content\\\/uploads\\\/2022\\\/03\\\/captura-de-pantalla-2022-03-28-a-las-10.40.38.png\",\"contentUrl\":\"https:\\\/\\\/naturarte.eu\\\/wp-content\\\/uploads\\\/2022\\\/03\\\/captura-de-pantalla-2022-03-28-a-las-10.40.38.png\",\"width\":155,\"height\":98,\"caption\":\"Naturarte\"},\"image\":{\"@id\":\"https:\\\/\\\/naturarte.eu\\\/#\\\/schema\\\/logo\\\/image\\\/\"}}]}<\/script>\n<!-- \/ Yoast SEO plugin. -->","yoast_head_json":{"title":"Curuguay - Naturarte","description":"nstalaci\u00f3n y exportaci\u00f3n con stock propio. Contamos con dieciocho tipos de tarimas macizas, para que pueda escoger.","robots":{"index":"index","follow":"follow","max-snippet":"max-snippet:-1","max-image-preview":"max-image-preview:large","max-video-preview":"max-video-preview:-1"},"canonical":"https:\/\/naturarte.eu\/fr\/produit\/curuguay\/","og_locale":"fr_FR","og_type":"article","og_title":"Curuguay - Naturarte","og_description":"nstalaci\u00f3n y exportaci\u00f3n con stock propio. Contamos con dieciocho tipos de tarimas macizas, para que pueda escoger.","og_url":"https:\/\/naturarte.eu\/fr\/produit\/curuguay\/","og_site_name":"Naturarte","article_modified_time":"2026-03-05T11:58:01+00:00","og_image":[{"width":370,"height":207,"url":"https:\/\/naturarte.eu\/wp-content\/uploads\/2022\/03\/curuguay.jpg","type":"image\/jpeg"}],"twitter_card":"summary_large_image","twitter_misc":{"Dur\u00e9e de lecture estim\u00e9e":"1 minute"},"schema":{"@context":"https:\/\/schema.org","@graph":[{"@type":"WebPage","@id":"https:\/\/naturarte.eu\/fr\/produit\/curuguay\/","url":"https:\/\/naturarte.eu\/fr\/produit\/curuguay\/","name":"Curuguay - Naturarte","isPartOf":{"@id":"https:\/\/naturarte.eu\/#website"},"primaryImageOfPage":{"@id":"https:\/\/naturarte.eu\/fr\/produit\/curuguay\/#primaryimage"},"image":{"@id":"https:\/\/naturarte.eu\/fr\/produit\/curuguay\/#primaryimage"},"thumbnailUrl":"https:\/\/naturarte.eu\/wp-content\/uploads\/2022\/03\/curuguay.jpg","datePublished":"2022-06-07T10:34:43+00:00","dateModified":"2026-03-05T11:58:01+00:00","description":"nstalaci\u00f3n y exportaci\u00f3n con stock propio. Contamos con dieciocho tipos de tarimas macizas, para que pueda escoger.","breadcrumb":{"@id":"https:\/\/naturarte.eu\/fr\/produit\/curuguay\/#breadcrumb"},"inLanguage":"fr-FR","potentialAction":[{"@type":"ReadAction","target":["https:\/\/naturarte.eu\/fr\/produit\/curuguay\/"]}]},{"@type":"ImageObject","inLanguage":"fr-FR","@id":"https:\/\/naturarte.eu\/fr\/produit\/curuguay\/#primaryimage","url":"https:\/\/naturarte.eu\/wp-content\/uploads\/2022\/03\/curuguay.jpg","contentUrl":"https:\/\/naturarte.eu\/wp-content\/uploads\/2022\/03\/curuguay.jpg","width":370,"height":207},{"@type":"BreadcrumbList","@id":"https:\/\/naturarte.eu\/fr\/produit\/curuguay\/#breadcrumb","itemListElement":[{"@type":"ListItem","position":1,"name":"Portada","item":"https:\/\/naturarte.eu\/fr\/"},{"@type":"ListItem","position":2,"name":"Products","item":"https:\/\/naturarte.eu\/en\/shop\/"},{"@type":"ListItem","position":3,"name":"Curuguay"}]},{"@type":"WebSite","@id":"https:\/\/naturarte.eu\/#website","url":"https:\/\/naturarte.eu\/","name":"Naturarte","description":"DESCUBRA NUESTROS PROYECTOS A TRAV\u00c9S DE NUESTRAS REDES SOCIALES","publisher":{"@id":"https:\/\/naturarte.eu\/#organization"},"potentialAction":[{"@type":"SearchAction","target":{"@type":"EntryPoint","urlTemplate":"https:\/\/naturarte.eu\/?s={search_term_string}"},"query-input":{"@type":"PropertyValueSpecification","valueRequired":true,"valueName":"search_term_string"}}],"inLanguage":"fr-FR"},{"@type":"Organization","@id":"https:\/\/naturarte.eu\/#organization","name":"Naturarte","url":"https:\/\/naturarte.eu\/","logo":{"@type":"ImageObject","inLanguage":"fr-FR","@id":"https:\/\/naturarte.eu\/#\/schema\/logo\/image\/","url":"https:\/\/naturarte.eu\/wp-content\/uploads\/2022\/03\/captura-de-pantalla-2022-03-28-a-las-10.40.38.png","contentUrl":"https:\/\/naturarte.eu\/wp-content\/uploads\/2022\/03\/captura-de-pantalla-2022-03-28-a-las-10.40.38.png","width":155,"height":98,"caption":"Naturarte"},"image":{"@id":"https:\/\/naturarte.eu\/#\/schema\/logo\/image\/"}}]}},"jetpack_likes_enabled":false,"jetpack_sharing_enabled":true,"_links":{"self":[{"href":"https:\/\/naturarte.eu\/fr\/wp-json\/wp\/v2\/product\/1914","targetHints":{"allow":["GET"]}}],"collection":[{"href":"https:\/\/naturarte.eu\/fr\/wp-json\/wp\/v2\/product"}],"about":[{"href":"https:\/\/naturarte.eu\/fr\/wp-json\/wp\/v2\/types\/product"}],"replies":[{"embeddable":true,"href":"https:\/\/naturarte.eu\/fr\/wp-json\/wp\/v2\/comments?post=1914"}],"wp:featuredmedia":[{"embeddable":true,"href":"https:\/\/naturarte.eu\/fr\/wp-json\/wp\/v2\/media\/1915"}],"wp:attachment":[{"href":"https:\/\/naturarte.eu\/fr\/wp-json\/wp\/v2\/media?parent=1914"}],"wp:term":[{"taxonomy":"product_brand","embeddable":true,"href":"https:\/\/naturarte.eu\/fr\/wp-json\/wp\/v2\/product_brand?post=1914"},{"taxonomy":"product_cat","embeddable":true,"href":"https:\/\/naturarte.eu\/fr\/wp-json\/wp\/v2\/product_cat?post=1914"},{"taxonomy":"product_tag","embeddable":true,"href":"https:\/\/naturarte.eu\/fr\/wp-json\/wp\/v2\/product_tag?post=1914"}],"curies":[{"name":"wp","href":"https:\/\/api.w.org\/{rel}","templated":true}]}}