{"id":2804,"date":"2023-05-05T19:27:05","date_gmt":"2023-05-05T17:27:05","guid":{"rendered":"https:\/\/naturarte.eu?post_type=product&#038;p=2804"},"modified":"2023-05-05T19:55:29","modified_gmt":"2023-05-05T17:55:29","slug":"schonbrunn","status":"publish","type":"product","link":"https:\/\/naturarte.eu\/fr\/produit\/schonbrunn\/","title":{"rendered":"G\u00fcell"},"content":{"rendered":"<p>Formats : 60 \u00d7 60 cm, 80 \u00d7 80 cm et 100 \u00d7 100 cm<\/p>\n<p>Essences de bois : ch\u00eane et noyer.<\/p>\n<p>Finitions personnalis\u00e9es\u00a0:<\/p>\n<p>Ton (couleur) : dans les parquets en ch\u00eane, vous pouvez choisir le ton de la finition.<br \/>\nBrillant : que ce soit pour les parquets en ch\u00eane ou en noyer, vous pouvez choisir entre une finition huil\u00e9e ou une finition vernie (brillante, satin\u00e9e ou mate).<br \/>\nMicrobiseau : il peut aller uniquement dans les joints ext\u00e9rieurs ou \u00e9galement dans tous les joints int\u00e9rieurs.<\/p>\n","protected":false},"excerpt":{"rendered":"<p>Installation en Espagne et exportation internationale. Contactez-nous pour obtenir un devis personnalis\u00e9.<\/p>\n<p>Propre stock.<\/p>\n<p><a href=\"https:\/\/naturarte.eulanguage\/fr\/contact\/\">Devis personnalis\u00e9<\/a><\/p>\n","protected":false},"featured_media":4343,"comment_status":"closed","ping_status":"closed","template":"","meta":{"_joinchat":[]},"product_brand":[],"product_cat":[122001],"product_tag":[],"class_list":{"0":"post-2804","1":"product","2":"type-product","3":"status-publish","4":"has-post-thumbnail","6":"product_cat-marqueterie-versailles","8":"first","9":"instock","10":"shipping-taxable","11":"product-type-simple"},"yoast_head":"<!-- This site is optimized with the Yoast SEO plugin v27.4 - https:\/\/yoast.com\/product\/yoast-seo-wordpress\/ -->\n<title>G\u00fcell - Naturarte<\/title>\n<meta name=\"robots\" content=\"index, follow, max-snippet:-1, max-image-preview:large, max-video-preview:-1\" \/>\n<link rel=\"canonical\" href=\"https:\/\/naturarte.eu\/fr\/produit\/schonbrunn\/\" \/>\n<meta property=\"og:locale\" content=\"fr_FR\" \/>\n<meta property=\"og:type\" content=\"article\" \/>\n<meta property=\"og:title\" content=\"G\u00fcell - Naturarte\" \/>\n<meta property=\"og:description\" content=\"Installation en Espagne et exportation internationale. Contactez-nous pour obtenir un devis personnalis\u00e9.  Propre stock.  Devis personnalis\u00e9\" \/>\n<meta property=\"og:url\" content=\"https:\/\/naturarte.eu\/fr\/produit\/schonbrunn\/\" \/>\n<meta property=\"og:site_name\" content=\"Naturarte\" \/>\n<meta property=\"article:modified_time\" content=\"2023-05-05T17:55:29+00:00\" \/>\n<meta property=\"og:image\" content=\"https:\/\/naturarte.eu\/wp-content\/uploads\/2023\/05\/Guell.png\" \/>\n\t<meta property=\"og:image:width\" content=\"1272\" \/>\n\t<meta property=\"og:image:height\" content=\"1260\" \/>\n\t<meta property=\"og:image:type\" content=\"image\/png\" \/>\n<meta name=\"twitter:card\" content=\"summary_large_image\" \/>\n<meta name=\"twitter:label1\" content=\"Dur\u00e9e de lecture estim\u00e9e\" \/>\n\t<meta name=\"twitter:data1\" content=\"1 minute\" \/>\n<script type=\"application\/ld+json\" class=\"yoast-schema-graph\">{\"@context\":\"https:\\\/\\\/schema.org\",\"@graph\":[{\"@type\":\"WebPage\",\"@id\":\"https:\\\/\\\/naturarte.eu\\\/fr\\\/produit\\\/schonbrunn\\\/\",\"url\":\"https:\\\/\\\/naturarte.eu\\\/fr\\\/produit\\\/schonbrunn\\\/\",\"name\":\"G\u00fcell - Naturarte\",\"isPartOf\":{\"@id\":\"https:\\\/\\\/naturarte.eu\\\/#website\"},\"primaryImageOfPage\":{\"@id\":\"https:\\\/\\\/naturarte.eu\\\/fr\\\/produit\\\/schonbrunn\\\/#primaryimage\"},\"image\":{\"@id\":\"https:\\\/\\\/naturarte.eu\\\/fr\\\/produit\\\/schonbrunn\\\/#primaryimage\"},\"thumbnailUrl\":\"https:\\\/\\\/naturarte.eu\\\/wp-content\\\/uploads\\\/2023\\\/05\\\/Guell.png\",\"datePublished\":\"2023-05-05T17:27:05+00:00\",\"dateModified\":\"2023-05-05T17:55:29+00:00\",\"breadcrumb\":{\"@id\":\"https:\\\/\\\/naturarte.eu\\\/fr\\\/produit\\\/schonbrunn\\\/#breadcrumb\"},\"inLanguage\":\"fr-FR\",\"potentialAction\":[{\"@type\":\"ReadAction\",\"target\":[\"https:\\\/\\\/naturarte.eu\\\/fr\\\/produit\\\/schonbrunn\\\/\"]}]},{\"@type\":\"ImageObject\",\"inLanguage\":\"fr-FR\",\"@id\":\"https:\\\/\\\/naturarte.eu\\\/fr\\\/produit\\\/schonbrunn\\\/#primaryimage\",\"url\":\"https:\\\/\\\/naturarte.eu\\\/wp-content\\\/uploads\\\/2023\\\/05\\\/Guell.png\",\"contentUrl\":\"https:\\\/\\\/naturarte.eu\\\/wp-content\\\/uploads\\\/2023\\\/05\\\/Guell.png\",\"width\":1272,\"height\":1260},{\"@type\":\"BreadcrumbList\",\"@id\":\"https:\\\/\\\/naturarte.eu\\\/fr\\\/produit\\\/schonbrunn\\\/#breadcrumb\",\"itemListElement\":[{\"@type\":\"ListItem\",\"position\":1,\"name\":\"Portada\",\"item\":\"https:\\\/\\\/naturarte.eu\\\/fr\\\/\"},{\"@type\":\"ListItem\",\"position\":2,\"name\":\"Products\",\"item\":\"https:\\\/\\\/naturarte.eu\\\/en\\\/shop\\\/\"},{\"@type\":\"ListItem\",\"position\":3,\"name\":\"G\u00fcell\"}]},{\"@type\":\"WebSite\",\"@id\":\"https:\\\/\\\/naturarte.eu\\\/#website\",\"url\":\"https:\\\/\\\/naturarte.eu\\\/\",\"name\":\"Naturarte\",\"description\":\"DESCUBRA NUESTROS PROYECTOS A TRAV\u00c9S DE NUESTRAS REDES SOCIALES\",\"publisher\":{\"@id\":\"https:\\\/\\\/naturarte.eu\\\/#organization\"},\"potentialAction\":[{\"@type\":\"SearchAction\",\"target\":{\"@type\":\"EntryPoint\",\"urlTemplate\":\"https:\\\/\\\/naturarte.eu\\\/?s={search_term_string}\"},\"query-input\":{\"@type\":\"PropertyValueSpecification\",\"valueRequired\":true,\"valueName\":\"search_term_string\"}}],\"inLanguage\":\"fr-FR\"},{\"@type\":\"Organization\",\"@id\":\"https:\\\/\\\/naturarte.eu\\\/#organization\",\"name\":\"Naturarte\",\"url\":\"https:\\\/\\\/naturarte.eu\\\/\",\"logo\":{\"@type\":\"ImageObject\",\"inLanguage\":\"fr-FR\",\"@id\":\"https:\\\/\\\/naturarte.eu\\\/#\\\/schema\\\/logo\\\/image\\\/\",\"url\":\"https:\\\/\\\/naturarte.eu\\\/wp-content\\\/uploads\\\/2022\\\/03\\\/captura-de-pantalla-2022-03-28-a-las-10.40.38.png\",\"contentUrl\":\"https:\\\/\\\/naturarte.eu\\\/wp-content\\\/uploads\\\/2022\\\/03\\\/captura-de-pantalla-2022-03-28-a-las-10.40.38.png\",\"width\":155,\"height\":98,\"caption\":\"Naturarte\"},\"image\":{\"@id\":\"https:\\\/\\\/naturarte.eu\\\/#\\\/schema\\\/logo\\\/image\\\/\"}}]}<\/script>\n<!-- \/ Yoast SEO plugin. -->","yoast_head_json":{"title":"G\u00fcell - Naturarte","robots":{"index":"index","follow":"follow","max-snippet":"max-snippet:-1","max-image-preview":"max-image-preview:large","max-video-preview":"max-video-preview:-1"},"canonical":"https:\/\/naturarte.eu\/fr\/produit\/schonbrunn\/","og_locale":"fr_FR","og_type":"article","og_title":"G\u00fcell - Naturarte","og_description":"Installation en Espagne et exportation internationale. Contactez-nous pour obtenir un devis personnalis\u00e9.  Propre stock.  Devis personnalis\u00e9","og_url":"https:\/\/naturarte.eu\/fr\/produit\/schonbrunn\/","og_site_name":"Naturarte","article_modified_time":"2023-05-05T17:55:29+00:00","og_image":[{"width":1272,"height":1260,"url":"https:\/\/naturarte.eu\/wp-content\/uploads\/2023\/05\/Guell.png","type":"image\/png"}],"twitter_card":"summary_large_image","twitter_misc":{"Dur\u00e9e de lecture estim\u00e9e":"1 minute"},"schema":{"@context":"https:\/\/schema.org","@graph":[{"@type":"WebPage","@id":"https:\/\/naturarte.eu\/fr\/produit\/schonbrunn\/","url":"https:\/\/naturarte.eu\/fr\/produit\/schonbrunn\/","name":"G\u00fcell - Naturarte","isPartOf":{"@id":"https:\/\/naturarte.eu\/#website"},"primaryImageOfPage":{"@id":"https:\/\/naturarte.eu\/fr\/produit\/schonbrunn\/#primaryimage"},"image":{"@id":"https:\/\/naturarte.eu\/fr\/produit\/schonbrunn\/#primaryimage"},"thumbnailUrl":"https:\/\/naturarte.eu\/wp-content\/uploads\/2023\/05\/Guell.png","datePublished":"2023-05-05T17:27:05+00:00","dateModified":"2023-05-05T17:55:29+00:00","breadcrumb":{"@id":"https:\/\/naturarte.eu\/fr\/produit\/schonbrunn\/#breadcrumb"},"inLanguage":"fr-FR","potentialAction":[{"@type":"ReadAction","target":["https:\/\/naturarte.eu\/fr\/produit\/schonbrunn\/"]}]},{"@type":"ImageObject","inLanguage":"fr-FR","@id":"https:\/\/naturarte.eu\/fr\/produit\/schonbrunn\/#primaryimage","url":"https:\/\/naturarte.eu\/wp-content\/uploads\/2023\/05\/Guell.png","contentUrl":"https:\/\/naturarte.eu\/wp-content\/uploads\/2023\/05\/Guell.png","width":1272,"height":1260},{"@type":"BreadcrumbList","@id":"https:\/\/naturarte.eu\/fr\/produit\/schonbrunn\/#breadcrumb","itemListElement":[{"@type":"ListItem","position":1,"name":"Portada","item":"https:\/\/naturarte.eu\/fr\/"},{"@type":"ListItem","position":2,"name":"Products","item":"https:\/\/naturarte.eu\/en\/shop\/"},{"@type":"ListItem","position":3,"name":"G\u00fcell"}]},{"@type":"WebSite","@id":"https:\/\/naturarte.eu\/#website","url":"https:\/\/naturarte.eu\/","name":"Naturarte","description":"DESCUBRA NUESTROS PROYECTOS A TRAV\u00c9S DE NUESTRAS REDES SOCIALES","publisher":{"@id":"https:\/\/naturarte.eu\/#organization"},"potentialAction":[{"@type":"SearchAction","target":{"@type":"EntryPoint","urlTemplate":"https:\/\/naturarte.eu\/?s={search_term_string}"},"query-input":{"@type":"PropertyValueSpecification","valueRequired":true,"valueName":"search_term_string"}}],"inLanguage":"fr-FR"},{"@type":"Organization","@id":"https:\/\/naturarte.eu\/#organization","name":"Naturarte","url":"https:\/\/naturarte.eu\/","logo":{"@type":"ImageObject","inLanguage":"fr-FR","@id":"https:\/\/naturarte.eu\/#\/schema\/logo\/image\/","url":"https:\/\/naturarte.eu\/wp-content\/uploads\/2022\/03\/captura-de-pantalla-2022-03-28-a-las-10.40.38.png","contentUrl":"https:\/\/naturarte.eu\/wp-content\/uploads\/2022\/03\/captura-de-pantalla-2022-03-28-a-las-10.40.38.png","width":155,"height":98,"caption":"Naturarte"},"image":{"@id":"https:\/\/naturarte.eu\/#\/schema\/logo\/image\/"}}]}},"jetpack_likes_enabled":false,"jetpack_sharing_enabled":true,"_links":{"self":[{"href":"https:\/\/naturarte.eu\/fr\/wp-json\/wp\/v2\/product\/2804","targetHints":{"allow":["GET"]}}],"collection":[{"href":"https:\/\/naturarte.eu\/fr\/wp-json\/wp\/v2\/product"}],"about":[{"href":"https:\/\/naturarte.eu\/fr\/wp-json\/wp\/v2\/types\/product"}],"replies":[{"embeddable":true,"href":"https:\/\/naturarte.eu\/fr\/wp-json\/wp\/v2\/comments?post=2804"}],"wp:featuredmedia":[{"embeddable":true,"href":"https:\/\/naturarte.eu\/fr\/wp-json\/wp\/v2\/media\/4343"}],"wp:attachment":[{"href":"https:\/\/naturarte.eu\/fr\/wp-json\/wp\/v2\/media?parent=2804"}],"wp:term":[{"taxonomy":"product_brand","embeddable":true,"href":"https:\/\/naturarte.eu\/fr\/wp-json\/wp\/v2\/product_brand?post=2804"},{"taxonomy":"product_cat","embeddable":true,"href":"https:\/\/naturarte.eu\/fr\/wp-json\/wp\/v2\/product_cat?post=2804"},{"taxonomy":"product_tag","embeddable":true,"href":"https:\/\/naturarte.eu\/fr\/wp-json\/wp\/v2\/product_tag?post=2804"}],"curies":[{"name":"wp","href":"https:\/\/api.w.org\/{rel}","templated":true}]}}